{"id":5643,"date":"2023-06-22T10:30:25","date_gmt":"2023-06-22T08:30:25","guid":{"rendered":"http:\/\/louisfugaro.www190-92-135-130.a2hosted.com\/terminos-y-condiciones-de-compra\/"},"modified":"2023-10-27T10:05:43","modified_gmt":"2023-10-27T08:05:43","slug":"terminos-y-condiciones-de-compra","status":"publish","type":"page","link":"https:\/\/louisfugaro.com\/es\/terminos-y-condiciones-de-compra\/","title":{"rendered":"T\u00e9rminos y Condiciones de compra"},"content":{"rendered":"\t\t<div data-elementor-type=\"wp-page\" data-elementor-id=\"5643\" class=\"elementor elementor-5643 elementor-291\" data-elementor-post-type=\"page\">\n\t\t\t\t<div class=\"elementor-element elementor-element-45496384 e-flex e-con-boxed e-con e-parent\" data-id=\"45496384\" data-element_type=\"container\" data-e-type=\"container\">\n\t\t\t\t\t<div class=\"e-con-inner\">\n\t\t\t\t<div class=\"elementor-element elementor-element-a3bc090 elementor-widget elementor-widget-heading\" data-id=\"a3bc090\" data-element_type=\"widget\" data-e-type=\"widget\" data-widget_type=\"heading.default\">\n\t\t\t\t<div class=\"elementor-widget-container\">\n\t\t\t\t\t<h1 class=\"elementor-heading-title elementor-size-default\">T\u00e9rminos y Condiciones de compra<\/h1>\t\t\t\t<\/div>\n\t\t\t\t<\/div>\n\t\t\t\t<div class=\"elementor-element elementor-element-625e505 elementor-widget elementor-widget-text-editor\" data-id=\"625e505\" data-element_type=\"widget\" data-e-type=\"widget\" data-widget_type=\"text-editor.default\">\n\t\t\t\t<div class=\"elementor-widget-container\">\n\t\t\t\t\t\t\t\t\t\n<p>Estos t\u00e9rminos y condiciones controlan y protegen su uso del sitio web propiedad y operado por VASUDEVA S.L. Antes de tomar cualquier decisi\u00f3n sobre la compra de cualquier art\u00edculo, el cliente debe conocer y aceptar estas condiciones. Por lo tanto, lea atentamente antes de realizar cualquier pedido en www.louisfugaro.com<\/p>\n\n\n\n<p>Louis Fugaro pertenece a VASUDEVA S.L, una empresa registrada en Espa\u00f1a. Nuestra direcci\u00f3n fiscal es Calle Vald\u00e9s N\u00ba12, 29600, Marbella, M\u00e1laga, Espa\u00f1a. Nuestro CIF es B-29742418.<\/p>\n\n\n\n<p>Deseamos que lea atentamente sobre nuestras pol\u00edticas relacionadas con las condiciones de compra. La variedad de productos que ofrecemos en nuestra tienda online solo estar\u00e1 dirigida a las personas &nbsp;que puedan proporcionar una direcci\u00f3n de entrega y sean mayores de edad. Si es menor de 18 a\u00f1os, debe informar a sus padres o tutores sobre&nbsp;la pol\u00edtica de privacidad de <strong>LOUIS FUGARO<\/strong>&nbsp;antes de registrarse para usar este sitio o cualquiera de los servicios de este sitio web.<\/p>\n\n\n\n<p>Recuerda que podemos modificar nuestras Condiciones de compra en cualquier momento. Lea nuestras condiciones de compra y vuelva a consultar con frecuencia. Si no est\u00e1 de acuerdo con alg\u00fan cambio realizado, debe dejar de usar esta p\u00e1gina de inmediato. Cualquier cambio despu\u00e9s de haber realizado un pedido no afectar\u00e1 ese pedido a menos que la ley nos obligue a realizar el cambio.<\/p>\n\t\t\t\t\t\t\t\t<\/div>\n\t\t\t\t<\/div>\n\t\t\t\t\t<\/div>\n\t\t\t\t<\/div>\n\t\t\t\t<\/div>\n\t\t","protected":false},"excerpt":{"rendered":"<p>Estos t\u00e9rminos y condiciones controlan y protegen su uso del sitio web propiedad y operado por VASUDEVA S.L. Antes de tomar cualquier decisi\u00f3n sobre la compra de cualquier art\u00edculo, el cliente debe conocer y aceptar estas condiciones. Por lo tanto, lea atentamente antes de realizar cualquier pedido en www.louisfugaro.com Louis Fugaro pertenece a VASUDEVA S.L, [&hellip;]<\/p>\n","protected":false},"author":1,"featured_media":0,"parent":0,"menu_order":11,"comment_status":"closed","ping_status":"closed","template":"","meta":{"footnotes":""},"class_list":["post-5643","page","type-page","status-publish","hentry"],"_links":{"self":[{"href":"https:\/\/louisfugaro.com\/es\/wp-json\/wp\/v2\/pages\/5643","targetHints":{"allow":["GET"]}}],"collection":[{"href":"https:\/\/louisfugaro.com\/es\/wp-json\/wp\/v2\/pages"}],"about":[{"href":"https:\/\/louisfugaro.com\/es\/wp-json\/wp\/v2\/types\/page"}],"author":[{"embeddable":true,"href":"https:\/\/louisfugaro.com\/es\/wp-json\/wp\/v2\/users\/1"}],"replies":[{"embeddable":true,"href":"https:\/\/louisfugaro.com\/es\/wp-json\/wp\/v2\/comments?post=5643"}],"version-history":[{"count":2,"href":"https:\/\/louisfugaro.com\/es\/wp-json\/wp\/v2\/pages\/5643\/revisions"}],"predecessor-version":[{"id":5725,"href":"https:\/\/louisfugaro.com\/es\/wp-json\/wp\/v2\/pages\/5643\/revisions\/5725"}],"wp:attachment":[{"href":"https:\/\/louisfugaro.com\/es\/wp-json\/wp\/v2\/media?parent=5643"}],"curies":[{"name":"wp","href":"https:\/\/api.w.org\/{rel}","templated":true}]}}