{"id":5645,"date":"2023-06-22T11:25:24","date_gmt":"2023-06-22T09:25:24","guid":{"rendered":"http:\/\/louisfugaro.www190-92-135-130.a2hosted.com\/cambios-y-devoluciones\/"},"modified":"2023-10-27T10:06:23","modified_gmt":"2023-10-27T08:06:23","slug":"cambios-y-devoluciones","status":"publish","type":"page","link":"https:\/\/louisfugaro.com\/es\/cambios-y-devoluciones\/","title":{"rendered":"Cambios y Devoluciones"},"content":{"rendered":"\t\t<div data-elementor-type=\"wp-page\" data-elementor-id=\"5645\" class=\"elementor elementor-5645 elementor-312\" data-elementor-post-type=\"page\">\n\t\t\t\t<div class=\"elementor-element elementor-element-25a9b473 e-flex e-con-boxed e-con e-parent\" data-id=\"25a9b473\" data-element_type=\"container\" data-e-type=\"container\">\n\t\t\t\t\t<div class=\"e-con-inner\">\n\t\t\t\t<div class=\"elementor-element elementor-element-6b44d05d elementor-widget elementor-widget-heading\" data-id=\"6b44d05d\" data-element_type=\"widget\" data-e-type=\"widget\" data-widget_type=\"heading.default\">\n\t\t\t\t<div class=\"elementor-widget-container\">\n\t\t\t\t\t<h1 class=\"elementor-heading-title elementor-size-default\">Cambios y Devoluciones<\/h1>\t\t\t\t<\/div>\n\t\t\t\t<\/div>\n\t\t\t\t<div class=\"elementor-element elementor-element-7f451b0c elementor-widget elementor-widget-text-editor\" data-id=\"7f451b0c\" data-element_type=\"widget\" data-e-type=\"widget\" data-widget_type=\"text-editor.default\">\n\t\t\t\t<div class=\"elementor-widget-container\">\n\t\t\t\t\t\t\t\t\t<p><span lang=\"en-GB\">Todos los art\u00edculos comprados a trav\u00e9s de la web pueden ser devueltos o cambiados. Si no est\u00e1 satisfecho con su pedido, tiene derecho a devolver el art\u00edculo a nuestro centro de distribuci\u00f3n en un plazo de 30 d\u00edas. Cualquier solicitud de devoluci\u00f3n deber\u00e1 ser comunicado por correo electr\u00f3nico o bien por tel\u00e9fono, indicando el motivo de la devoluci\u00f3n, y deber\u00e1 ser aprobada. Todas las devoluciones se enviar\u00e1n a la siguiente direcci\u00f3n: Calle Vald\u00e9s N\u00ba12, 29600, Marbella, M\u00e1laga (Espa\u00f1a). Tenga en cuenta que los productos deber\u00e1n devolverse en la mismas condiciones en las que fueron adquiridos. Nos pondremos en contacto con usted para organizar la recogida del art\u00edculo que desea devolver. Sin embargo, los cambios y devoluciones solo se realizar\u00e1n en las siguientes condiciones:<\/span><\/p>\n<p><u><b>1.Cambios<\/b><\/u><\/p>\n<p>Si desea cambiar su art\u00edculo por una talla diferente o un modelo diferente, tendr\u00e1 30 d\u00edas para tomar la decisi\u00f3n. Esta garant\u00eda le permitir\u00e1 decidir si realiza un cambio de talla o modelo si algo no le convence. En ese caso, nos haremos cargo del gasto de env\u00edo para devolver el art\u00edculo y le enviaremos el nuevo art\u00edculo sin coste alguno.<\/p>\n<p><u><b>2.Devoluciones<\/b><\/u><\/p>\n<p>Si por alguna raz\u00f3n no est\u00e1 satisfecho con su compra, puede devolver los art\u00edculos dentro de un plazo de 30 d\u00edas posteriores a la recepci\u00f3n (por cuenta propia). Los art\u00edculos deben devolverse sin da\u00f1os y con sus etiquetas adjuntas.<\/p>\n<p><b>Louis Fugaro<\/b><b> <\/b>no cubrir\u00e1 el coste de env\u00edo por devolver el art\u00edculo. Sin embargo, como se mencion\u00f3 anteriormente, antes de cualquier procedimiento de cambio o devoluci\u00f3n, es esencial que se comunique con nosotros para resolver el problema lo antes posible. El reembolso de los productos devueltos se acreditar\u00e1 dentro de los 14 d\u00edas a su m\u00e9todo de pago original. .<\/p>\n\t\t\t\t\t\t\t\t<\/div>\n\t\t\t\t<\/div>\n\t\t\t\t\t<\/div>\n\t\t\t\t<\/div>\n\t\t\t\t<\/div>\n\t\t","protected":false},"excerpt":{"rendered":"<p>Todos los art\u00edculos comprados a trav\u00e9s de la web pueden ser devueltos o cambiados. Si no est\u00e1 satisfecho con su pedido, tiene derecho a devolver el art\u00edculo a nuestro centro de distribuci\u00f3n en un plazo de 30 d\u00edas. Cualquier solicitud de devoluci\u00f3n deber\u00e1 ser comunicado por correo electr\u00f3nico o bien por tel\u00e9fono, indicando el motivo [&hellip;]<\/p>\n","protected":false},"author":1,"featured_media":0,"parent":0,"menu_order":13,"comment_status":"closed","ping_status":"closed","template":"","meta":{"footnotes":""},"class_list":["post-5645","page","type-page","status-publish","hentry"],"_links":{"self":[{"href":"https:\/\/louisfugaro.com\/es\/wp-json\/wp\/v2\/pages\/5645","targetHints":{"allow":["GET"]}}],"collection":[{"href":"https:\/\/louisfugaro.com\/es\/wp-json\/wp\/v2\/pages"}],"about":[{"href":"https:\/\/louisfugaro.com\/es\/wp-json\/wp\/v2\/types\/page"}],"author":[{"embeddable":true,"href":"https:\/\/louisfugaro.com\/es\/wp-json\/wp\/v2\/users\/1"}],"replies":[{"embeddable":true,"href":"https:\/\/louisfugaro.com\/es\/wp-json\/wp\/v2\/comments?post=5645"}],"version-history":[{"count":2,"href":"https:\/\/louisfugaro.com\/es\/wp-json\/wp\/v2\/pages\/5645\/revisions"}],"predecessor-version":[{"id":5732,"href":"https:\/\/louisfugaro.com\/es\/wp-json\/wp\/v2\/pages\/5645\/revisions\/5732"}],"wp:attachment":[{"href":"https:\/\/louisfugaro.com\/es\/wp-json\/wp\/v2\/media?parent=5645"}],"curies":[{"name":"wp","href":"https:\/\/api.w.org\/{rel}","templated":true}]}}