{"id":5647,"date":"2023-10-17T21:40:22","date_gmt":"2023-10-17T19:40:22","guid":{"rendered":"http:\/\/louisfugaro.www190-92-135-130.a2hosted.com\/envio\/"},"modified":"2023-10-27T09:49:43","modified_gmt":"2023-10-27T07:49:43","slug":"envio","status":"publish","type":"page","link":"https:\/\/louisfugaro.com\/es\/envio\/","title":{"rendered":"Envio"},"content":{"rendered":"\t\t<div data-elementor-type=\"wp-page\" data-elementor-id=\"5647\" class=\"elementor elementor-5647 elementor-5358\" data-elementor-post-type=\"page\">\n\t\t\t\t<div class=\"elementor-element elementor-element-1e9c914d e-flex e-con-boxed e-con e-parent\" data-id=\"1e9c914d\" data-element_type=\"container\" data-e-type=\"container\">\n\t\t\t\t\t<div class=\"e-con-inner\">\n\t\t\t\t<div class=\"elementor-element elementor-element-1f9dcbe0 elementor-widget elementor-widget-heading\" data-id=\"1f9dcbe0\" data-element_type=\"widget\" data-e-type=\"widget\" data-widget_type=\"heading.default\">\n\t\t\t\t<div class=\"elementor-widget-container\">\n\t\t\t\t\t<h1 class=\"elementor-heading-title elementor-size-default\">Envio<\/h1>\t\t\t\t<\/div>\n\t\t\t\t<\/div>\n\t\t\t\t<div class=\"elementor-element elementor-element-36506a23 elementor-widget elementor-widget-text-editor\" data-id=\"36506a23\" data-element_type=\"widget\" data-e-type=\"widget\" data-widget_type=\"text-editor.default\">\n\t\t\t\t<div class=\"elementor-widget-container\">\n\t\t\t\t\t\t\t\t\t<p align=\"JUSTIFY\">Nuestro objetivo es entregar su pedido dentro del n\u00famero de d\u00edas que se muestran para su pa\u00eds en la tabla a continuaci\u00f3n. El tiempo de entrega y el costo de entrega depender\u00e1n del pa\u00eds de destino y del tipo de entrega seleccionado.<\/p>\n<table border=\"1\" width=\"1098\" cellspacing=\"0\" cellpadding=\"8\">\n<colgroup>\n<col width=\"136*\">\n<col width=\"62*\">\n<col width=\"58*\"><\/colgroup>\n<tbody>\n<tr valign=\"TOP\">\n<td bgcolor=\"#f2f2f2\" width=\"53%\" height=\"28\">\n<p align=\"CENTER\"><b>Pa\u00eds<\/b><\/p>\n<\/td>\n<td bgcolor=\"#f2f2f2\" width=\"24%\">\n<p align=\"CENTER\"><b>Tiempo Envi\u00f3<\/b><\/p>\n<\/td>\n<td bgcolor=\"#f2f2f2\" width=\"23%\">\n<p align=\"CENTER\"><b>Gastos Envi\u00f3<\/b><\/p>\n<\/td>\n<\/tr>\n<tr valign=\"TOP\">\n<td width=\"53%\">\n<p align=\"CENTER\">Espa\u00f1a<\/p>\n<\/td>\n<td width=\"24%\">\n<p align=\"CENTER\">1-2 D\u00edas Laborales<\/p>\n<\/td>\n<td width=\"23%\">\n<p align=\"CENTER\">3,95\u20ac<\/p>\n<\/td>\n<\/tr>\n<tr valign=\"TOP\">\n<td width=\"53%\">\n<p align=\"CENTER\">Alemania, B\u00e9lgica, Francia, Holanda, Portugal y Luxemburgo<\/p>\n<\/td>\n<td width=\"24%\">\n<p align=\"CENTER\">3-4 D\u00edas Laborales<\/p>\n<\/td>\n<td width=\"23%\">\n<p align=\"CENTER\">9,95\u20ac<\/p>\n<\/td>\n<\/tr>\n<tr valign=\"TOP\">\n<td width=\"53%\">\n<p align=\"CENTER\">Austria, , Dinamarca, Eslovenia, Italia, Polonia, Rep\u00fablica Checa y Suecia<\/p>\n<\/td>\n<td width=\"24%\">\n<p align=\"CENTER\">4-5 working days<\/p>\n<\/td>\n<td width=\"23%\">\n<p align=\"CENTER\">9,95\u20ac<\/p>\n<\/td>\n<\/tr>\n<tr valign=\"TOP\">\n<td width=\"53%\">\n<p align=\"CENTER\">Bulgaria, Croacia, Chipre, Estonia, Eslovaquia Finlandia, Hungr\u00eda, Irlanda, Letonia, Lituania, Malta y Ruman\u00eda<\/p>\n<\/td>\n<td width=\"24%\">\n<p align=\"CENTER\">5-7 d\u00edas laborales<\/p>\n<\/td>\n<td width=\"23%\">\n<p align=\"CENTER\">9,95\u20ac<\/p>\n<\/td>\n<\/tr>\n<tr valign=\"TOP\">\n<td width=\"53%\">\n<p align=\"CENTER\">Suiza, Estados Unidos y Canad\u00e1<\/p>\n<\/td>\n<td width=\"24%\">\n<p align=\"CENTER\">5-7 d\u00edas laborale<\/p>\n<\/td>\n<td width=\"23%\">\n<p align=\"CENTER\">15,95\u20ac<\/p>\n<p><strong>* impuestos de importaci\u00f3n no incluidos<\/strong><\/p>\n<\/td>\n<\/tr>\n<\/tbody>\n<\/table>\n<p align=\"JUSTIFY\">Los gastos de env\u00edo quedar\u00e1n excluidos de todas aquellas compras que superen los 120 euros. Por lo tanto, los costos de env\u00edo son gratuitos para compras superiores a esa cantidad. Tenga en cuenta que los s\u00e1bados y domingos no se clasifican como d\u00edas h\u00e1biles. Si no ha recibido su entrega dentro del n\u00famero de d\u00edas que se muestra para su pa\u00eds en la tabla anterior, cont\u00e1ctenos lo antes posible a nuestro departamento de servicio al cliente.<\/p>\n<p><strong>Estado del env\u00edo<\/strong><\/p>\n<p>La empresa que utilizamos para entregar todos nuestros art\u00edculos es UPS. Una vez que el pedido haya sido aprobado y enviado, UPS le enviar\u00e1 un correo electr\u00f3nico donde podr\u00e1 seguir el progreso de su env\u00edo con un n\u00famero de seguimiento.<\/p>\n<p><strong>Aranceles e impuestos<\/strong><\/p>\n<p>Tenga en cuenta que todos los pedidos recibidos de pa\u00edses fuera de la Uni\u00f3n Europea pueden estar sujetos a derechos de importaci\u00f3n u otros impuestos. Los clientes ser\u00e1n responsables de todos esos cargos adicionales, de acuerdo con la legislaci\u00f3n de su pa\u00eds correspondiente.<\/p>\n\t\t\t\t\t\t\t\t<\/div>\n\t\t\t\t<\/div>\n\t\t\t\t\t<\/div>\n\t\t\t\t<\/div>\n\t\t<div class=\"elementor-element elementor-element-54e506d9 e-flex e-con-boxed e-con e-parent\" data-id=\"54e506d9\" data-element_type=\"container\" data-e-type=\"container\">\n\t\t\t\t\t<div class=\"e-con-inner\">\n\t\t\t\t\t<\/div>\n\t\t\t\t<\/div>\n\t\t\t\t<\/div>\n\t\t","protected":false},"excerpt":{"rendered":"<p>Nuestro objetivo es entregar su pedido dentro del n\u00famero de d\u00edas que se muestran para su pa\u00eds en la tabla a continuaci\u00f3n. El tiempo de entrega y el costo de entrega depender\u00e1n del pa\u00eds de destino y del tipo de entrega seleccionado. Pa\u00eds Tiempo Envi\u00f3 Gastos Envi\u00f3 Espa\u00f1a 1-2 D\u00edas Laborales 3,95\u20ac Alemania, B\u00e9lgica, Francia, [&hellip;]<\/p>\n","protected":false},"author":1,"featured_media":0,"parent":0,"menu_order":12,"comment_status":"closed","ping_status":"closed","template":"","meta":{"footnotes":""},"class_list":["post-5647","page","type-page","status-publish","hentry"],"_links":{"self":[{"href":"https:\/\/louisfugaro.com\/es\/wp-json\/wp\/v2\/pages\/5647","targetHints":{"allow":["GET"]}}],"collection":[{"href":"https:\/\/louisfugaro.com\/es\/wp-json\/wp\/v2\/pages"}],"about":[{"href":"https:\/\/louisfugaro.com\/es\/wp-json\/wp\/v2\/types\/page"}],"author":[{"embeddable":true,"href":"https:\/\/louisfugaro.com\/es\/wp-json\/wp\/v2\/users\/1"}],"replies":[{"embeddable":true,"href":"https:\/\/louisfugaro.com\/es\/wp-json\/wp\/v2\/comments?post=5647"}],"version-history":[{"count":1,"href":"https:\/\/louisfugaro.com\/es\/wp-json\/wp\/v2\/pages\/5647\/revisions"}],"predecessor-version":[{"id":5648,"href":"https:\/\/louisfugaro.com\/es\/wp-json\/wp\/v2\/pages\/5647\/revisions\/5648"}],"wp:attachment":[{"href":"https:\/\/louisfugaro.com\/es\/wp-json\/wp\/v2\/media?parent=5647"}],"curies":[{"name":"wp","href":"https:\/\/api.w.org\/{rel}","templated":true}]}}