{"id":6646,"date":"2024-01-14T18:40:33","date_gmt":"2024-01-14T17:40:33","guid":{"rendered":"https:\/\/louisfugaro.com\/product\/polo-gris-pique-mercerizado\/"},"modified":"2024-01-14T18:40:33","modified_gmt":"2024-01-14T17:40:33","slug":"polo-gris-pique-mercerizado","status":"publish","type":"product","link":"https:\/\/louisfugaro.com\/es\/producto\/polo-gris-pique-mercerizado\/","title":{"rendered":"Polo gris pique mercerizado"},"content":{"rendered":"<div><span lang=\"EN\">Este polo confeccionado en algod\u00f3n piqu\u00e9 es ligero y transpirable, haci\u00e9ndote sentir agradable y fresco. <\/span><\/div>\n","protected":false},"excerpt":{"rendered":"<p>Este polo confeccionado en algod\u00f3n piqu\u00e9 es ligero y transpirable, haci\u00e9ndote sentir agradable y fresco.<\/p>\n","protected":false},"featured_media":0,"template":"","meta":[],"product_brand":[],"product_cat":[208],"product_tag":[173],"class_list":{"0":"post-6646","1":"product","2":"type-product","3":"status-publish","5":"product_cat-polos-es","6":"product_tag-rebajas","8":"first","9":"instock","10":"shipping-taxable","11":"purchasable","12":"product-type-variable"},"_links":{"self":[{"href":"https:\/\/louisfugaro.com\/es\/wp-json\/wp\/v2\/product\/6646","targetHints":{"allow":["GET"]}}],"collection":[{"href":"https:\/\/louisfugaro.com\/es\/wp-json\/wp\/v2\/product"}],"about":[{"href":"https:\/\/louisfugaro.com\/es\/wp-json\/wp\/v2\/types\/product"}],"wp:attachment":[{"href":"https:\/\/louisfugaro.com\/es\/wp-json\/wp\/v2\/media?parent=6646"}],"wp:term":[{"taxonomy":"product_brand","embeddable":true,"href":"https:\/\/louisfugaro.com\/es\/wp-json\/wp\/v2\/product_brand?post=6646"},{"taxonomy":"product_cat","embeddable":true,"href":"https:\/\/louisfugaro.com\/es\/wp-json\/wp\/v2\/product_cat?post=6646"},{"taxonomy":"product_tag","embeddable":true,"href":"https:\/\/louisfugaro.com\/es\/wp-json\/wp\/v2\/product_tag?post=6646"}],"curies":[{"name":"wp","href":"https:\/\/api.w.org\/{rel}","templated":true}]}}