{"id":6654,"date":"2024-01-14T18:34:34","date_gmt":"2024-01-14T17:34:34","guid":{"rendered":"https:\/\/louisfugaro.com\/product\/polo-pique-estampado-sellos\/"},"modified":"2024-01-14T18:34:34","modified_gmt":"2024-01-14T17:34:34","slug":"polo-pique-estampado-sellos","status":"publish","type":"product","link":"https:\/\/louisfugaro.com\/es\/producto\/polo-pique-estampado-sellos\/","title":{"rendered":"Polo piqu\u00e9 estampado sellos"},"content":{"rendered":"<p>Confeccionado con un fino algod\u00f3n piqu\u00e9 de alta calidad y un elegante estampado, este polo es perfecto para combinar con nuestras bermudas.<\/p>\n","protected":false},"excerpt":{"rendered":"<p>Confeccionado con un fino algod\u00f3n piqu\u00e9 de alta calidad y un elegante estampado, este polo es perfecto para combinar con nuestras bermudas.<\/p>\n","protected":false},"featured_media":6506,"template":"","meta":[],"product_brand":[],"product_cat":[208],"product_tag":[],"class_list":{"0":"post-6654","1":"product","2":"type-product","3":"status-publish","4":"has-post-thumbnail","6":"product_cat-polos-es","8":"first","9":"outofstock","10":"sale","11":"shipping-taxable","12":"purchasable","13":"product-type-variable"},"_links":{"self":[{"href":"https:\/\/louisfugaro.com\/es\/wp-json\/wp\/v2\/product\/6654","targetHints":{"allow":["GET"]}}],"collection":[{"href":"https:\/\/louisfugaro.com\/es\/wp-json\/wp\/v2\/product"}],"about":[{"href":"https:\/\/louisfugaro.com\/es\/wp-json\/wp\/v2\/types\/product"}],"wp:featuredmedia":[{"embeddable":true,"href":"https:\/\/louisfugaro.com\/es\/wp-json\/wp\/v2\/media\/6506"}],"wp:attachment":[{"href":"https:\/\/louisfugaro.com\/es\/wp-json\/wp\/v2\/media?parent=6654"}],"wp:term":[{"taxonomy":"product_brand","embeddable":true,"href":"https:\/\/louisfugaro.com\/es\/wp-json\/wp\/v2\/product_brand?post=6654"},{"taxonomy":"product_cat","embeddable":true,"href":"https:\/\/louisfugaro.com\/es\/wp-json\/wp\/v2\/product_cat?post=6654"},{"taxonomy":"product_tag","embeddable":true,"href":"https:\/\/louisfugaro.com\/es\/wp-json\/wp\/v2\/product_tag?post=6654"}],"curies":[{"name":"wp","href":"https:\/\/api.w.org\/{rel}","templated":true}]}}