{"id":6680,"date":"2024-01-14T17:57:03","date_gmt":"2024-01-14T16:57:03","guid":{"rendered":"https:\/\/louisfugaro.com\/product\/camisa-blanca-contraste-marino\/"},"modified":"2024-01-14T17:57:03","modified_gmt":"2024-01-14T16:57:03","slug":"camisa-blanca-contraste-marino","status":"publish","type":"product","link":"https:\/\/louisfugaro.com\/es\/producto\/camisa-blanca-contraste-marino\/","title":{"rendered":"Camisa blanca contraste marino"},"content":{"rendered":"<p>Hecho en algod\u00f3n, esta camisa de corte c\u00f3modo con cuello abierto puede ser ideal para usar con un c\u00f3digo de vestimenta informal elegante.<\/p>\n","protected":false},"excerpt":{"rendered":"<p>Hecho en algod\u00f3n, esta camisa de corte c\u00f3modo con cuello abierto puede ser ideal para usar con un c\u00f3digo de vestimenta informal elegante.<\/p>\n","protected":false},"featured_media":0,"template":"","meta":[],"product_brand":[],"product_cat":[181],"product_tag":[],"class_list":{"0":"post-6680","1":"product","2":"type-product","3":"status-publish","5":"product_cat-camisas","7":"first","8":"instock","9":"shipping-taxable","10":"purchasable","11":"product-type-variable"},"_links":{"self":[{"href":"https:\/\/louisfugaro.com\/es\/wp-json\/wp\/v2\/product\/6680","targetHints":{"allow":["GET"]}}],"collection":[{"href":"https:\/\/louisfugaro.com\/es\/wp-json\/wp\/v2\/product"}],"about":[{"href":"https:\/\/louisfugaro.com\/es\/wp-json\/wp\/v2\/types\/product"}],"wp:attachment":[{"href":"https:\/\/louisfugaro.com\/es\/wp-json\/wp\/v2\/media?parent=6680"}],"wp:term":[{"taxonomy":"product_brand","embeddable":true,"href":"https:\/\/louisfugaro.com\/es\/wp-json\/wp\/v2\/product_brand?post=6680"},{"taxonomy":"product_cat","embeddable":true,"href":"https:\/\/louisfugaro.com\/es\/wp-json\/wp\/v2\/product_cat?post=6680"},{"taxonomy":"product_tag","embeddable":true,"href":"https:\/\/louisfugaro.com\/es\/wp-json\/wp\/v2\/product_tag?post=6680"}],"curies":[{"name":"wp","href":"https:\/\/api.w.org\/{rel}","templated":true}]}}