{"id":6686,"date":"2024-01-14T17:51:17","date_gmt":"2024-01-14T16:51:17","guid":{"rendered":"https:\/\/louisfugaro.com\/product\/camisa-estmapada-cachemir\/"},"modified":"2024-02-03T17:17:19","modified_gmt":"2024-02-03T16:17:19","slug":"camisa-estmapada-cachemir","status":"publish","type":"product","link":"https:\/\/louisfugaro.com\/es\/producto\/camisa-estmapada-cachemir\/","title":{"rendered":"Camisa estmapada cachemir"},"content":{"rendered":"<p>Confeccionada con un fino algod\u00f3n satinado y con un toque de stretch para mayor comodidad, esta camisa est\u00e1 dise\u00f1ada con nuestro c\u00f3modo corte y destaca por su incre\u00edble estampado.<\/p>\n","protected":false},"excerpt":{"rendered":"<p>Confeccionada con un fino algod\u00f3n satinado y con un toque de stretch para mayor comodidad, esta camisa est\u00e1 dise\u00f1ada con nuestro c\u00f3modo corte y destaca por su incre\u00edble estampado.<\/p>\n","protected":false},"featured_media":0,"template":"","meta":[],"product_brand":[],"product_cat":[181],"product_tag":[171],"class_list":{"0":"post-6686","1":"product","2":"type-product","3":"status-publish","5":"product_cat-camisas","6":"product_tag-97-algodon-3-elastano","8":"first","9":"outofstock","10":"shipping-taxable","11":"purchasable","12":"product-type-variable"},"_links":{"self":[{"href":"https:\/\/louisfugaro.com\/es\/wp-json\/wp\/v2\/product\/6686","targetHints":{"allow":["GET"]}}],"collection":[{"href":"https:\/\/louisfugaro.com\/es\/wp-json\/wp\/v2\/product"}],"about":[{"href":"https:\/\/louisfugaro.com\/es\/wp-json\/wp\/v2\/types\/product"}],"wp:attachment":[{"href":"https:\/\/louisfugaro.com\/es\/wp-json\/wp\/v2\/media?parent=6686"}],"wp:term":[{"taxonomy":"product_brand","embeddable":true,"href":"https:\/\/louisfugaro.com\/es\/wp-json\/wp\/v2\/product_brand?post=6686"},{"taxonomy":"product_cat","embeddable":true,"href":"https:\/\/louisfugaro.com\/es\/wp-json\/wp\/v2\/product_cat?post=6686"},{"taxonomy":"product_tag","embeddable":true,"href":"https:\/\/louisfugaro.com\/es\/wp-json\/wp\/v2\/product_tag?post=6686"}],"curies":[{"name":"wp","href":"https:\/\/api.w.org\/{rel}","templated":true}]}}