{"id":6741,"date":"2023-07-21T20:23:57","date_gmt":"2023-07-21T18:23:57","guid":{"rendered":"https:\/\/louisfugaro.com\/product\/chino-beige-straight-fit\/"},"modified":"2024-01-16T16:51:06","modified_gmt":"2024-01-16T15:51:06","slug":"chino-beige-straight-fit","status":"publish","type":"product","link":"https:\/\/louisfugaro.com\/es\/producto\/chino-beige-straight-fit\/","title":{"rendered":"Chino beige straight fit"},"content":{"rendered":"<p>Hechos con un algod\u00f3n transpirable y suave, este pantal\u00f3n presenta un corte agradable y c\u00f3modo y son perfectos para cualquier ocasi\u00f3n.<\/p>\n","protected":false},"excerpt":{"rendered":"<p>Hechos con un algod\u00f3n transpirable y suave, este pantal\u00f3n presenta un corte agradable y c\u00f3modo y son perfectos para cualquier ocasi\u00f3n.<\/p>\n","protected":false},"featured_media":2853,"template":"","meta":[],"product_brand":[],"product_cat":[182],"product_tag":[171,172],"class_list":{"0":"post-6741","1":"product","2":"type-product","3":"status-publish","4":"has-post-thumbnail","6":"product_cat-pantalones","7":"product_tag-97-algodon-3-elastano","8":"product_tag-nueva-coleccion","10":"first","11":"instock","12":"shipping-taxable","13":"purchasable","14":"product-type-variable"},"_links":{"self":[{"href":"https:\/\/louisfugaro.com\/es\/wp-json\/wp\/v2\/product\/6741","targetHints":{"allow":["GET"]}}],"collection":[{"href":"https:\/\/louisfugaro.com\/es\/wp-json\/wp\/v2\/product"}],"about":[{"href":"https:\/\/louisfugaro.com\/es\/wp-json\/wp\/v2\/types\/product"}],"wp:featuredmedia":[{"embeddable":true,"href":"https:\/\/louisfugaro.com\/es\/wp-json\/wp\/v2\/media\/2853"}],"wp:attachment":[{"href":"https:\/\/louisfugaro.com\/es\/wp-json\/wp\/v2\/media?parent=6741"}],"wp:term":[{"taxonomy":"product_brand","embeddable":true,"href":"https:\/\/louisfugaro.com\/es\/wp-json\/wp\/v2\/product_brand?post=6741"},{"taxonomy":"product_cat","embeddable":true,"href":"https:\/\/louisfugaro.com\/es\/wp-json\/wp\/v2\/product_cat?post=6741"},{"taxonomy":"product_tag","embeddable":true,"href":"https:\/\/louisfugaro.com\/es\/wp-json\/wp\/v2\/product_tag?post=6741"}],"curies":[{"name":"wp","href":"https:\/\/api.w.org\/{rel}","templated":true}]}}