{"id":6802,"date":"2023-07-21T20:25:10","date_gmt":"2023-07-21T18:25:10","guid":{"rendered":"https:\/\/louisfugaro.com\/product\/pantalon-corto-popelin-turquesa\/"},"modified":"2023-07-21T20:25:10","modified_gmt":"2023-07-21T18:25:10","slug":"pantalon-corto-popelin-turquesa","status":"publish","type":"product","link":"https:\/\/louisfugaro.com\/es\/producto\/pantalon-corto-popelin-turquesa\/","title":{"rendered":"Pantal\u00f3n corto popel\u00edn turquesa"},"content":{"rendered":"<p>Hechos en algod\u00f3n y con un toque de stretch para mayor comodidad, estos pantalones cortos son muy transpirables y suaves al tacto. Presentan un corte bonito y c\u00f3modo y son perfectos para cualquier ocasi\u00f3n. <\/p>\n<p>&nbsp;<\/p>\n<p>&nbsp;<\/p>\n","protected":false},"excerpt":{"rendered":"<p>Hechos en algod\u00f3n y con un toque de stretch para mayor comodidad, estos pantalones cortos son muy transpirables y suaves al tacto. Presentan un corte bonito y c\u00f3modo y son perfectos para cualquier ocasi\u00f3n. &nbsp; &nbsp;<\/p>\n","protected":false},"featured_media":2977,"template":"","meta":[],"product_brand":[],"product_cat":[209],"product_tag":[171],"class_list":{"0":"post-6802","1":"product","2":"type-product","3":"status-publish","4":"has-post-thumbnail","6":"product_cat-bermudas","7":"product_tag-97-algodon-3-elastano","9":"first","10":"outofstock","11":"shipping-taxable","12":"purchasable","13":"product-type-variable"},"_links":{"self":[{"href":"https:\/\/louisfugaro.com\/es\/wp-json\/wp\/v2\/product\/6802","targetHints":{"allow":["GET"]}}],"collection":[{"href":"https:\/\/louisfugaro.com\/es\/wp-json\/wp\/v2\/product"}],"about":[{"href":"https:\/\/louisfugaro.com\/es\/wp-json\/wp\/v2\/types\/product"}],"wp:featuredmedia":[{"embeddable":true,"href":"https:\/\/louisfugaro.com\/es\/wp-json\/wp\/v2\/media\/2977"}],"wp:attachment":[{"href":"https:\/\/louisfugaro.com\/es\/wp-json\/wp\/v2\/media?parent=6802"}],"wp:term":[{"taxonomy":"product_brand","embeddable":true,"href":"https:\/\/louisfugaro.com\/es\/wp-json\/wp\/v2\/product_brand?post=6802"},{"taxonomy":"product_cat","embeddable":true,"href":"https:\/\/louisfugaro.com\/es\/wp-json\/wp\/v2\/product_cat?post=6802"},{"taxonomy":"product_tag","embeddable":true,"href":"https:\/\/louisfugaro.com\/es\/wp-json\/wp\/v2\/product_tag?post=6802"}],"curies":[{"name":"wp","href":"https:\/\/api.w.org\/{rel}","templated":true}]}}