{"id":6850,"date":"2023-07-21T20:31:07","date_gmt":"2023-07-21T18:31:07","guid":{"rendered":"https:\/\/louisfugaro.com\/product\/pantalon-corto-pepelin-azulon\/"},"modified":"2024-07-15T13:29:17","modified_gmt":"2024-07-15T11:29:17","slug":"pantalon-corto-pepelin-azulon","status":"publish","type":"product","link":"https:\/\/louisfugaro.com\/es\/producto\/pantalon-corto-pepelin-azulon\/","title":{"rendered":"Pantal\u00f3n corto pepel\u00edn azul\u00f3n"},"content":{"rendered":"<p>Hechos en algod\u00f3n y con un toque de stretch para mayor comodidad, estos pantalones cortos son muy transpirables y suaves al tacto. Presentan un corte bonito y c\u00f3modo y son perfectos para cualquier ocasi\u00f3n. <\/p>\n<p>&nbsp;<\/p>\n<p>&nbsp;<\/p>\n","protected":false},"excerpt":{"rendered":"<p>Hechos en algod\u00f3n y con un toque de stretch para mayor comodidad, estos pantalones cortos son muy transpirables y suaves al tacto. Presentan un corte bonito y c\u00f3modo y son perfectos para cualquier ocasi\u00f3n. &nbsp; &nbsp;<\/p>\n","protected":false},"featured_media":3672,"template":"","meta":[],"product_brand":[],"product_cat":[209],"product_tag":[171],"class_list":{"0":"post-6850","1":"product","2":"type-product","3":"status-publish","4":"has-post-thumbnail","6":"product_cat-bermudas","7":"product_tag-97-algodon-3-elastano","9":"first","10":"instock","11":"shipping-taxable","12":"purchasable","13":"product-type-variable"},"_links":{"self":[{"href":"https:\/\/louisfugaro.com\/es\/wp-json\/wp\/v2\/product\/6850","targetHints":{"allow":["GET"]}}],"collection":[{"href":"https:\/\/louisfugaro.com\/es\/wp-json\/wp\/v2\/product"}],"about":[{"href":"https:\/\/louisfugaro.com\/es\/wp-json\/wp\/v2\/types\/product"}],"wp:featuredmedia":[{"embeddable":true,"href":"https:\/\/louisfugaro.com\/es\/wp-json\/wp\/v2\/media\/3672"}],"wp:attachment":[{"href":"https:\/\/louisfugaro.com\/es\/wp-json\/wp\/v2\/media?parent=6850"}],"wp:term":[{"taxonomy":"product_brand","embeddable":true,"href":"https:\/\/louisfugaro.com\/es\/wp-json\/wp\/v2\/product_brand?post=6850"},{"taxonomy":"product_cat","embeddable":true,"href":"https:\/\/louisfugaro.com\/es\/wp-json\/wp\/v2\/product_cat?post=6850"},{"taxonomy":"product_tag","embeddable":true,"href":"https:\/\/louisfugaro.com\/es\/wp-json\/wp\/v2\/product_tag?post=6850"}],"curies":[{"name":"wp","href":"https:\/\/api.w.org\/{rel}","templated":true}]}}