{"id":6872,"date":"2023-07-21T20:31:35","date_gmt":"2023-07-21T18:31:35","guid":{"rendered":"https:\/\/louisfugaro.com\/product\/comfort-fit-jeans-in-light-blue-stretch-denim\/"},"modified":"2024-01-16T17:14:18","modified_gmt":"2024-01-16T16:14:18","slug":"comfort-fit-jeans-in-light-blue-stretch-denim","status":"publish","type":"product","link":"https:\/\/louisfugaro.com\/es\/producto\/comfort-fit-jeans-in-light-blue-stretch-denim\/","title":{"rendered":"Comfort fit jeans in light-blue stretch denim"},"content":{"rendered":"<p>Dise\u00f1ados con un ajuste c\u00f3modo, estos jeans de cinco bolsillos son incre\u00edblemente el\u00e1sticos y muy suaves.<\/p>\n","protected":false},"excerpt":{"rendered":"<p>Dise\u00f1ados con un ajuste c\u00f3modo, estos jeans de cinco bolsillos son incre\u00edblemente el\u00e1sticos y muy suaves.<\/p>\n","protected":false},"featured_media":3711,"template":"","meta":[],"product_brand":[],"product_cat":[212,182],"product_tag":[171],"class_list":{"0":"post-6872","1":"product","2":"type-product","3":"status-publish","4":"has-post-thumbnail","6":"product_cat-jeans-es","7":"product_cat-pantalones","8":"product_tag-97-algodon-3-elastano","10":"first","11":"instock","12":"shipping-taxable","13":"purchasable","14":"product-type-variable"},"_links":{"self":[{"href":"https:\/\/louisfugaro.com\/es\/wp-json\/wp\/v2\/product\/6872","targetHints":{"allow":["GET"]}}],"collection":[{"href":"https:\/\/louisfugaro.com\/es\/wp-json\/wp\/v2\/product"}],"about":[{"href":"https:\/\/louisfugaro.com\/es\/wp-json\/wp\/v2\/types\/product"}],"wp:featuredmedia":[{"embeddable":true,"href":"https:\/\/louisfugaro.com\/es\/wp-json\/wp\/v2\/media\/3711"}],"wp:attachment":[{"href":"https:\/\/louisfugaro.com\/es\/wp-json\/wp\/v2\/media?parent=6872"}],"wp:term":[{"taxonomy":"product_brand","embeddable":true,"href":"https:\/\/louisfugaro.com\/es\/wp-json\/wp\/v2\/product_brand?post=6872"},{"taxonomy":"product_cat","embeddable":true,"href":"https:\/\/louisfugaro.com\/es\/wp-json\/wp\/v2\/product_cat?post=6872"},{"taxonomy":"product_tag","embeddable":true,"href":"https:\/\/louisfugaro.com\/es\/wp-json\/wp\/v2\/product_tag?post=6872"}],"curies":[{"name":"wp","href":"https:\/\/api.w.org\/{rel}","templated":true}]}}