{"id":6964,"date":"2024-01-25T19:41:21","date_gmt":"2024-01-25T18:41:21","guid":{"rendered":"https:\/\/louisfugaro.com\/product\/polo-azulon-oxford\/"},"modified":"2024-01-25T19:42:33","modified_gmt":"2024-01-25T18:42:33","slug":"polo-azulon-oxford","status":"publish","type":"product","link":"https:\/\/louisfugaro.com\/es\/producto\/polo-azulon-oxford\/","title":{"rendered":"Polo azul\u00f3n oxford"},"content":{"rendered":"<p>Confeccionado en un algod\u00f3n fino y con detalles originales, este polo te dar\u00e1 un aspecto fresco y bueno.<\/p>\n","protected":false},"excerpt":{"rendered":"<p>Confeccionado en un algod\u00f3n fino y con detalles originales, este polo te dar\u00e1 un aspecto fresco y bueno.<\/p>\n","protected":false},"featured_media":0,"template":"","meta":[],"product_brand":[],"product_cat":[208],"product_tag":[173],"class_list":{"0":"post-6964","1":"product","2":"type-product","3":"status-publish","5":"product_cat-polos-es","6":"product_tag-rebajas","8":"first","9":"instock","10":"shipping-taxable","11":"purchasable","12":"product-type-variable"},"_links":{"self":[{"href":"https:\/\/louisfugaro.com\/es\/wp-json\/wp\/v2\/product\/6964","targetHints":{"allow":["GET"]}}],"collection":[{"href":"https:\/\/louisfugaro.com\/es\/wp-json\/wp\/v2\/product"}],"about":[{"href":"https:\/\/louisfugaro.com\/es\/wp-json\/wp\/v2\/types\/product"}],"wp:attachment":[{"href":"https:\/\/louisfugaro.com\/es\/wp-json\/wp\/v2\/media?parent=6964"}],"wp:term":[{"taxonomy":"product_brand","embeddable":true,"href":"https:\/\/louisfugaro.com\/es\/wp-json\/wp\/v2\/product_brand?post=6964"},{"taxonomy":"product_cat","embeddable":true,"href":"https:\/\/louisfugaro.com\/es\/wp-json\/wp\/v2\/product_cat?post=6964"},{"taxonomy":"product_tag","embeddable":true,"href":"https:\/\/louisfugaro.com\/es\/wp-json\/wp\/v2\/product_tag?post=6964"}],"curies":[{"name":"wp","href":"https:\/\/api.w.org\/{rel}","templated":true}]}}