{"id":6994,"date":"2024-01-26T19:01:35","date_gmt":"2024-01-26T18:01:35","guid":{"rendered":"https:\/\/louisfugaro.com\/product\/camisa-lino-rayas\/"},"modified":"2024-01-26T19:01:35","modified_gmt":"2024-01-26T18:01:35","slug":"camisa-lino-rayas","status":"publish","type":"product","link":"https:\/\/louisfugaro.com\/es\/producto\/camisa-lino-rayas\/","title":{"rendered":"Camisa lino rayas"},"content":{"rendered":"<p>Esta camisa de rayas est\u00e1 confeccionada con un lino suave y transpirable, proporcionando una sensaci\u00f3n agradable. Incluye muchos detalles como el contraste en la tapeta, cuello y pu\u00f1os. <\/p>\n","protected":false},"excerpt":{"rendered":"<p>Esta camisa de rayas est\u00e1 confeccionada con un lino suave y transpirable, proporcionando una sensaci\u00f3n agradable. Incluye muchos detalles como el contraste en la tapeta, cuello y pu\u00f1os.<\/p>\n","protected":false},"featured_media":0,"template":"","meta":[],"product_brand":[],"product_cat":[181],"product_tag":[],"class_list":{"0":"post-6994","1":"product","2":"type-product","3":"status-publish","5":"product_cat-camisas","7":"first","8":"instock","9":"shipping-taxable","10":"purchasable","11":"product-type-variable"},"_links":{"self":[{"href":"https:\/\/louisfugaro.com\/es\/wp-json\/wp\/v2\/product\/6994","targetHints":{"allow":["GET"]}}],"collection":[{"href":"https:\/\/louisfugaro.com\/es\/wp-json\/wp\/v2\/product"}],"about":[{"href":"https:\/\/louisfugaro.com\/es\/wp-json\/wp\/v2\/types\/product"}],"wp:attachment":[{"href":"https:\/\/louisfugaro.com\/es\/wp-json\/wp\/v2\/media?parent=6994"}],"wp:term":[{"taxonomy":"product_brand","embeddable":true,"href":"https:\/\/louisfugaro.com\/es\/wp-json\/wp\/v2\/product_brand?post=6994"},{"taxonomy":"product_cat","embeddable":true,"href":"https:\/\/louisfugaro.com\/es\/wp-json\/wp\/v2\/product_cat?post=6994"},{"taxonomy":"product_tag","embeddable":true,"href":"https:\/\/louisfugaro.com\/es\/wp-json\/wp\/v2\/product_tag?post=6994"}],"curies":[{"name":"wp","href":"https:\/\/api.w.org\/{rel}","templated":true}]}}