{"id":7016,"date":"2024-01-26T19:37:42","date_gmt":"2024-01-26T18:37:42","guid":{"rendered":"https:\/\/louisfugaro.com\/product\/camisa-lino-estampado-flores\/"},"modified":"2024-01-26T19:37:42","modified_gmt":"2024-01-26T18:37:42","slug":"camisa-lino-estampado-flores","status":"publish","type":"product","link":"https:\/\/louisfugaro.com\/es\/producto\/camisa-lino-estampado-flores\/","title":{"rendered":"Camisa lino estampado flores"},"content":{"rendered":"<p>Confeccionada en un tejido de lino fino y transpirable, esta camisa est\u00e1 dise\u00f1ada con nuestro comfort fit y destaca por su incre\u00edble estampado.<\/p>\n","protected":false},"excerpt":{"rendered":"<p>Confeccionada en un tejido de lino fino y transpirable, esta camisa est\u00e1 dise\u00f1ada con nuestro comfort fit y destaca por su incre\u00edble estampado.<\/p>\n","protected":false},"featured_media":6235,"template":"","meta":[],"product_brand":[],"product_cat":[181],"product_tag":[176,173],"class_list":{"0":"post-7016","1":"product","2":"type-product","3":"status-publish","4":"has-post-thumbnail","6":"product_cat-camisas","7":"product_tag-100-lino","8":"product_tag-rebajas","10":"first","11":"instock","12":"sale","13":"shipping-taxable","14":"purchasable","15":"product-type-variable"},"_links":{"self":[{"href":"https:\/\/louisfugaro.com\/es\/wp-json\/wp\/v2\/product\/7016","targetHints":{"allow":["GET"]}}],"collection":[{"href":"https:\/\/louisfugaro.com\/es\/wp-json\/wp\/v2\/product"}],"about":[{"href":"https:\/\/louisfugaro.com\/es\/wp-json\/wp\/v2\/types\/product"}],"wp:featuredmedia":[{"embeddable":true,"href":"https:\/\/louisfugaro.com\/es\/wp-json\/wp\/v2\/media\/6235"}],"wp:attachment":[{"href":"https:\/\/louisfugaro.com\/es\/wp-json\/wp\/v2\/media?parent=7016"}],"wp:term":[{"taxonomy":"product_brand","embeddable":true,"href":"https:\/\/louisfugaro.com\/es\/wp-json\/wp\/v2\/product_brand?post=7016"},{"taxonomy":"product_cat","embeddable":true,"href":"https:\/\/louisfugaro.com\/es\/wp-json\/wp\/v2\/product_cat?post=7016"},{"taxonomy":"product_tag","embeddable":true,"href":"https:\/\/louisfugaro.com\/es\/wp-json\/wp\/v2\/product_tag?post=7016"}],"curies":[{"name":"wp","href":"https:\/\/api.w.org\/{rel}","templated":true}]}}