{"id":7803,"date":"2025-06-16T11:54:46","date_gmt":"2025-06-16T09:54:46","guid":{"rendered":"https:\/\/louisfugaro.com\/?post_type=product&#038;p=7803"},"modified":"2025-06-16T11:54:46","modified_gmt":"2025-06-16T09:54:46","slug":"camisa-lino-azul-claro","status":"publish","type":"product","link":"https:\/\/louisfugaro.com\/es\/producto\/camisa-lino-azul-claro\/","title":{"rendered":"Camisa Lino Azul Claro"},"content":{"rendered":"<p data-start=\"189\" data-end=\"570\">Renueva tu guardarropa con esta elegante camisa de lino azul claro para hombre, dise\u00f1ada para ofrecer comodidad y un estilo atemporal. Confeccionada en lino ligero y transpirable, es ideal para climas c\u00e1lidos y para usar todo el d\u00eda. Esta camisa presenta un llamativo detalle en tela de paisley en contraste en los pu\u00f1os interiores y la tapeta, que a\u00f1ade un toque de sofisticaci\u00f3n cuando se arremangan las mangas.  <\/p>\n<p data-start=\"572\" data-end=\"813\">Con un corte c\u00f3modo, combina f\u00e1cilmente con jeans, pantalones chinos o bermudas para un look smart-casual. Ya sea para un brunch, la oficina o una escapada de fin de semana, esta camisa ofrece un estilo pulido con un aire relajado. <\/p>\n<p data-start=\"815\" data-end=\"828\"><strong data-start=\"815\" data-end=\"828\">Caracter\u00edsticas:<\/strong><\/p>\n<ul data-start=\"829\" data-end=\"1038\">\n<li data-start=\"829\" data-end=\"861\">\n<p data-start=\"831\" data-end=\"861\">100% lino<\/p>\n<\/li>\n<li data-start=\"862\" data-end=\"898\">\n<p data-start=\"864\" data-end=\"898\">Comfort fit<\/p>\n<\/li>\n<li data-start=\"899\" data-end=\"956\">\n<p data-start=\"901\" data-end=\"956\">Detalles en cachemir<\/p>\n<\/li>\n<li data-start=\"957\" data-end=\"978\">\n<p data-start=\"959\" data-end=\"978\">Cuello Bot\u00f3n<\/p>\n<\/li>\n<li data-start=\"979\" data-end=\"1017\">\n<p data-start=\"981\" data-end=\"1017\">Mangas arremangables con tela de acento<\/p>\n<\/li>\n<li data-start=\"1018\" data-end=\"1038\">\n<p data-start=\"1020\" data-end=\"1038\">Lavable a m\u00e1quina<\/p>\n<\/li>\n<\/ul>\n","protected":false},"excerpt":{"rendered":"<p>Renueva tu guardarropa con esta elegante camisa de lino azul claro para hombre, dise\u00f1ada para ofrecer comodidad y un estilo atemporal. Confeccionada en lino ligero y transpirable, es ideal para climas c\u00e1lidos y para usar todo el d\u00eda. Esta camisa presenta un llamativo detalle en tela de paisley en contraste en los pu\u00f1os interiores y [&hellip;]<\/p>\n","protected":false},"featured_media":7793,"template":"","meta":[],"product_brand":[],"product_cat":[181],"product_tag":[176,172],"class_list":{"0":"post-7803","1":"product","2":"type-product","3":"status-publish","4":"has-post-thumbnail","6":"product_cat-camisas","7":"product_tag-100-lino","8":"product_tag-nueva-coleccion","10":"first","11":"instock","12":"shipping-taxable","13":"purchasable","14":"product-type-variable"},"_links":{"self":[{"href":"https:\/\/louisfugaro.com\/es\/wp-json\/wp\/v2\/product\/7803","targetHints":{"allow":["GET"]}}],"collection":[{"href":"https:\/\/louisfugaro.com\/es\/wp-json\/wp\/v2\/product"}],"about":[{"href":"https:\/\/louisfugaro.com\/es\/wp-json\/wp\/v2\/types\/product"}],"wp:featuredmedia":[{"embeddable":true,"href":"https:\/\/louisfugaro.com\/es\/wp-json\/wp\/v2\/media\/7793"}],"wp:attachment":[{"href":"https:\/\/louisfugaro.com\/es\/wp-json\/wp\/v2\/media?parent=7803"}],"wp:term":[{"taxonomy":"product_brand","embeddable":true,"href":"https:\/\/louisfugaro.com\/es\/wp-json\/wp\/v2\/product_brand?post=7803"},{"taxonomy":"product_cat","embeddable":true,"href":"https:\/\/louisfugaro.com\/es\/wp-json\/wp\/v2\/product_cat?post=7803"},{"taxonomy":"product_tag","embeddable":true,"href":"https:\/\/louisfugaro.com\/es\/wp-json\/wp\/v2\/product_tag?post=7803"}],"curies":[{"name":"wp","href":"https:\/\/api.w.org\/{rel}","templated":true}]}}