{"id":7821,"date":"2025-06-18T19:27:40","date_gmt":"2025-06-18T17:27:40","guid":{"rendered":"https:\/\/louisfugaro.com\/?post_type=product&#038;p=7821"},"modified":"2025-06-18T19:27:40","modified_gmt":"2025-06-18T17:27:40","slug":"polo-malva-claro","status":"publish","type":"product","link":"https:\/\/louisfugaro.com\/es\/producto\/polo-malva-claro\/","title":{"rendered":"Polo Malva Claro"},"content":{"rendered":"<p>Refina tu estilo casual con este polo de hombre en un elegante tono malva claro. Confeccionado en algod\u00f3n doble mercerizado de alta calidad, ofrece un brillo sutil, mayor durabilidad y una sensaci\u00f3n suave y transpirable al contacto con la piel. <\/p>\n<p data-start=\"663\" data-end=\"678\"><strong data-start=\"663\" data-end=\"676\">Caracter\u00edsticas:<\/strong><\/p>\n<ul data-start=\"679\" data-end=\"997\">\n<li data-start=\"679\" data-end=\"746\">\n<p data-start=\"681\" data-end=\"746\">100% algod\u00f3n doble mercerizado: suavidad, brillo y resistencia<\/p>\n<\/li>\n<li data-start=\"747\" data-end=\"788\">\n<p data-start=\"749\" data-end=\"788\">Color malva claro con textura sutil<\/p>\n<\/li>\n<li data-start=\"789\" data-end=\"831\">\n<p data-start=\"791\" data-end=\"831\">Logo bordado al tono en el pecho<\/p>\n<\/li>\n<li data-start=\"832\" data-end=\"875\">\n<p data-start=\"834\" data-end=\"875\">Cuello polo cl\u00e1sico con tapeta de botones<\/p>\n<\/li>\n<li data-start=\"876\" data-end=\"902\">\n<p data-start=\"878\" data-end=\"902\">Corte moderno y c\u00f3modo<\/p>\n<\/li>\n<li data-start=\"965\" data-end=\"997\">\n<p data-start=\"967\" data-end=\"997\">F\u00e1cil cuidado \u2013 lavable a m\u00e1quina<\/p>\n<\/li>\n<\/ul>\n","protected":false},"excerpt":{"rendered":"<p>Refina tu estilo casual con este polo de hombre en un elegante tono malva claro. Confeccionado en algod\u00f3n doble mercerizado de alta calidad, ofrece un brillo sutil, mayor durabilidad y una sensaci\u00f3n suave y transpirable al contacto con la piel. Caracter\u00edsticas: 100% algod\u00f3n doble mercerizado: suavidad, brillo y resistencia Color malva claro con textura sutil [&hellip;]<\/p>\n","protected":false},"featured_media":7818,"template":"","meta":[],"product_brand":[],"product_cat":[208],"product_tag":[172],"class_list":{"0":"post-7821","1":"product","2":"type-product","3":"status-publish","4":"has-post-thumbnail","6":"product_cat-polos-es","7":"product_tag-nueva-coleccion","9":"first","10":"instock","11":"shipping-taxable","12":"purchasable","13":"product-type-variable"},"_links":{"self":[{"href":"https:\/\/louisfugaro.com\/es\/wp-json\/wp\/v2\/product\/7821","targetHints":{"allow":["GET"]}}],"collection":[{"href":"https:\/\/louisfugaro.com\/es\/wp-json\/wp\/v2\/product"}],"about":[{"href":"https:\/\/louisfugaro.com\/es\/wp-json\/wp\/v2\/types\/product"}],"wp:featuredmedia":[{"embeddable":true,"href":"https:\/\/louisfugaro.com\/es\/wp-json\/wp\/v2\/media\/7818"}],"wp:attachment":[{"href":"https:\/\/louisfugaro.com\/es\/wp-json\/wp\/v2\/media?parent=7821"}],"wp:term":[{"taxonomy":"product_brand","embeddable":true,"href":"https:\/\/louisfugaro.com\/es\/wp-json\/wp\/v2\/product_brand?post=7821"},{"taxonomy":"product_cat","embeddable":true,"href":"https:\/\/louisfugaro.com\/es\/wp-json\/wp\/v2\/product_cat?post=7821"},{"taxonomy":"product_tag","embeddable":true,"href":"https:\/\/louisfugaro.com\/es\/wp-json\/wp\/v2\/product_tag?post=7821"}],"curies":[{"name":"wp","href":"https:\/\/api.w.org\/{rel}","templated":true}]}}