{"id":7836,"date":"2025-06-18T19:27:29","date_gmt":"2025-06-18T17:27:29","guid":{"rendered":"https:\/\/louisfugaro.com\/?post_type=product&#038;p=7836"},"modified":"2025-06-18T19:27:29","modified_gmt":"2025-06-18T17:27:29","slug":"camisa-de-hombre-estampado-floral-multicolor","status":"publish","type":"product","link":"https:\/\/louisfugaro.com\/es\/producto\/camisa-de-hombre-estampado-floral-multicolor\/","title":{"rendered":"Camisa de Hombre Estampado Floral Multicolor"},"content":{"rendered":"<p>Destaca con estilo y seguridad con esta vibrante camisa de hombre, que presenta una explosi\u00f3n de colores en un estampado floral \u00fanico. Confeccionada en algod\u00f3n sat\u00e9n de alta calidad con un toque de elasticidad, ofrece una sensaci\u00f3n suave y lujosa al tacto, adem\u00e1s de una comodidad excepcional. Su corte entallado, entre regular y slim, proporciona una silueta favorecedora sin sacrificar libertad de movimiento.  <\/p>\n<p data-start=\"652\" data-end=\"667\"><strong data-start=\"652\" data-end=\"665\">Caracter\u00edsticas:<\/strong><\/p>\n<ul data-start=\"668\" data-end=\"961\">\n<li data-start=\"668\" data-end=\"730\">\n<p data-start=\"670\" data-end=\"730\">Tejido de algod\u00f3n sat\u00e9n con stretch para mayor comodidad<\/p>\n<\/li>\n<li data-start=\"731\" data-end=\"765\">\n<p data-start=\"733\" data-end=\"765\">Estampado floral multicolor llamativo<\/p>\n<\/li>\n<li data-start=\"766\" data-end=\"825\">\n<p data-start=\"768\" data-end=\"825\">Corte intermedio entre regular y slim \u2013 entallado pero c\u00f3modo<\/p>\n<\/li>\n<li data-start=\"826\" data-end=\"866\">\n<p data-start=\"828\" data-end=\"866\">Cuello cl\u00e1sico<\/p>\n<\/li>\n<li data-start=\"929\" data-end=\"961\">\n<p data-start=\"931\" data-end=\"961\">F\u00e1cil cuidado \u2013 lavable a m\u00e1quina<\/p>\n<\/li>\n<\/ul>\n","protected":false},"excerpt":{"rendered":"<p>Destaca con estilo y seguridad con esta vibrante camisa de hombre, que presenta una explosi\u00f3n de colores en un estampado floral \u00fanico. Confeccionada en algod\u00f3n sat\u00e9n de alta calidad con un toque de elasticidad, ofrece una sensaci\u00f3n suave y lujosa al tacto, adem\u00e1s de una comodidad excepcional. Su corte entallado, entre regular y slim, proporciona [&hellip;]<\/p>\n","protected":false},"featured_media":8007,"template":"","meta":[],"product_brand":[],"product_cat":[181],"product_tag":[172],"class_list":{"0":"post-7836","1":"product","2":"type-product","3":"status-publish","4":"has-post-thumbnail","6":"product_cat-camisas","7":"product_tag-nueva-coleccion","9":"first","10":"instock","11":"shipping-taxable","12":"purchasable","13":"product-type-variable"},"_links":{"self":[{"href":"https:\/\/louisfugaro.com\/es\/wp-json\/wp\/v2\/product\/7836","targetHints":{"allow":["GET"]}}],"collection":[{"href":"https:\/\/louisfugaro.com\/es\/wp-json\/wp\/v2\/product"}],"about":[{"href":"https:\/\/louisfugaro.com\/es\/wp-json\/wp\/v2\/types\/product"}],"wp:featuredmedia":[{"embeddable":true,"href":"https:\/\/louisfugaro.com\/es\/wp-json\/wp\/v2\/media\/8007"}],"wp:attachment":[{"href":"https:\/\/louisfugaro.com\/es\/wp-json\/wp\/v2\/media?parent=7836"}],"wp:term":[{"taxonomy":"product_brand","embeddable":true,"href":"https:\/\/louisfugaro.com\/es\/wp-json\/wp\/v2\/product_brand?post=7836"},{"taxonomy":"product_cat","embeddable":true,"href":"https:\/\/louisfugaro.com\/es\/wp-json\/wp\/v2\/product_cat?post=7836"},{"taxonomy":"product_tag","embeddable":true,"href":"https:\/\/louisfugaro.com\/es\/wp-json\/wp\/v2\/product_tag?post=7836"}],"curies":[{"name":"wp","href":"https:\/\/api.w.org\/{rel}","templated":true}]}}