{"id":7964,"date":"2025-06-18T19:27:10","date_gmt":"2025-06-18T17:27:10","guid":{"rendered":"https:\/\/louisfugaro.com\/?post_type=product&#038;p=7964"},"modified":"2025-06-18T19:27:10","modified_gmt":"2025-06-18T17:27:10","slug":"camisa-estampado-geometrico-azul","status":"publish","type":"product","link":"https:\/\/louisfugaro.com\/es\/producto\/camisa-estampado-geometrico-azul\/","title":{"rendered":"Camisa Estampado Geom\u00e9trico Azul"},"content":{"rendered":"<p data-start=\"1088\" data-end=\"1361\">Refina tu estilo con esta camisa confeccionada en Dobby cotton, un tejido de algod\u00f3n caracterizado por su sutil textura tejida que aporta cuerpo y sofisticaci\u00f3n a la prenda. Su estampado geom\u00e9trico en azul sobre blanco ofrece un look moderno y vers\u00e1til, ideal tanto para d\u00edas laborales como para ocasiones sociales.<br \/>Los detalles cuidados, como los botones en contraste y el corte estructurado, completan una pieza que destaca sin esfuerzo.  <\/p>\n","protected":false},"excerpt":{"rendered":"<p>Refina tu estilo con esta camisa confeccionada en Dobby cotton, un tejido de algod\u00f3n caracterizado por su sutil textura tejida que aporta cuerpo y sofisticaci\u00f3n a la prenda. Su estampado geom\u00e9trico en azul sobre blanco ofrece un look moderno y vers\u00e1til, ideal tanto para d\u00edas laborales como para ocasiones sociales.Los detalles cuidados, como los botones [&hellip;]<\/p>\n","protected":false},"featured_media":7870,"template":"","meta":[],"product_brand":[],"product_cat":[181],"product_tag":[172],"class_list":{"0":"post-7964","1":"product","2":"type-product","3":"status-publish","4":"has-post-thumbnail","6":"product_cat-camisas","7":"product_tag-nueva-coleccion","9":"first","10":"outofstock","11":"shipping-taxable","12":"purchasable","13":"product-type-variable"},"_links":{"self":[{"href":"https:\/\/louisfugaro.com\/es\/wp-json\/wp\/v2\/product\/7964","targetHints":{"allow":["GET"]}}],"collection":[{"href":"https:\/\/louisfugaro.com\/es\/wp-json\/wp\/v2\/product"}],"about":[{"href":"https:\/\/louisfugaro.com\/es\/wp-json\/wp\/v2\/types\/product"}],"wp:featuredmedia":[{"embeddable":true,"href":"https:\/\/louisfugaro.com\/es\/wp-json\/wp\/v2\/media\/7870"}],"wp:attachment":[{"href":"https:\/\/louisfugaro.com\/es\/wp-json\/wp\/v2\/media?parent=7964"}],"wp:term":[{"taxonomy":"product_brand","embeddable":true,"href":"https:\/\/louisfugaro.com\/es\/wp-json\/wp\/v2\/product_brand?post=7964"},{"taxonomy":"product_cat","embeddable":true,"href":"https:\/\/louisfugaro.com\/es\/wp-json\/wp\/v2\/product_cat?post=7964"},{"taxonomy":"product_tag","embeddable":true,"href":"https:\/\/louisfugaro.com\/es\/wp-json\/wp\/v2\/product_tag?post=7964"}],"curies":[{"name":"wp","href":"https:\/\/api.w.org\/{rel}","templated":true}]}}