{"id":7983,"date":"2025-06-18T19:26:30","date_gmt":"2025-06-18T17:26:30","guid":{"rendered":"https:\/\/louisfugaro.com\/?post_type=product&#038;p=7983"},"modified":"2025-06-18T19:26:30","modified_gmt":"2025-06-18T17:26:30","slug":"camisa-estampado-sellos","status":"publish","type":"product","link":"https:\/\/louisfugaro.com\/es\/producto\/camisa-estampado-sellos\/","title":{"rendered":"Camisa Estampado Sellos"},"content":{"rendered":"<p data-start=\"1190\" data-end=\"1359\">Esta camisa est\u00e1 confeccionada en un exclusivo algod\u00f3n satinado con elastano, lo que garantiza una textura suave, un ligero brillo y una comodidad superior gracias a su elasticidad sutil.  <\/p>\n<p data-start=\"1572\" data-end=\"1587\"><strong data-start=\"1572\" data-end=\"1585\">Caracter\u00edsticas:<\/strong><\/p>\n<ul data-start=\"1588\" data-end=\"1850\">\n<li data-start=\"1588\" data-end=\"1628\">\n<p data-start=\"1590\" data-end=\"1628\">Algod\u00f3n satinado con stretch<\/p>\n<\/li>\n<li data-start=\"1629\" data-end=\"1685\">\n<p data-start=\"1631\" data-end=\"1685\">Estampado tipo medalla en tonos azulados y beige<\/p>\n<\/li>\n<li data-start=\"1686\" data-end=\"1721\">\n<p data-start=\"1688\" data-end=\"1721\">Corte c\u00f3modo<\/p>\n<\/li>\n<li data-start=\"1722\" data-end=\"1768\">\n<p data-start=\"1724\" data-end=\"1768\">Tejido suave, ligero y con sutil brillo<\/p>\n<\/li>\n<li data-start=\"1769\" data-end=\"1798\">\n<p data-start=\"1771\" data-end=\"1798\">Cuello moderno semi-italiano<\/p>\n<\/li>\n<\/ul>\n","protected":false},"excerpt":{"rendered":"<p>Esta camisa est\u00e1 confeccionada en un exclusivo algod\u00f3n satinado con elastano, lo que garantiza una textura suave, un ligero brillo y una comodidad superior gracias a su elasticidad sutil. Caracter\u00edsticas: Algod\u00f3n satinado con stretch Estampado tipo medalla en tonos azulados y beige Corte c\u00f3modo Tejido suave, ligero y con sutil brillo Cuello moderno semi-italiano<\/p>\n","protected":false},"featured_media":7874,"template":"","meta":[],"product_brand":[],"product_cat":[181],"product_tag":[172],"class_list":{"0":"post-7983","1":"product","2":"type-product","3":"status-publish","4":"has-post-thumbnail","6":"product_cat-camisas","7":"product_tag-nueva-coleccion","9":"first","10":"instock","11":"shipping-taxable","12":"purchasable","13":"product-type-variable"},"_links":{"self":[{"href":"https:\/\/louisfugaro.com\/es\/wp-json\/wp\/v2\/product\/7983","targetHints":{"allow":["GET"]}}],"collection":[{"href":"https:\/\/louisfugaro.com\/es\/wp-json\/wp\/v2\/product"}],"about":[{"href":"https:\/\/louisfugaro.com\/es\/wp-json\/wp\/v2\/types\/product"}],"wp:featuredmedia":[{"embeddable":true,"href":"https:\/\/louisfugaro.com\/es\/wp-json\/wp\/v2\/media\/7874"}],"wp:attachment":[{"href":"https:\/\/louisfugaro.com\/es\/wp-json\/wp\/v2\/media?parent=7983"}],"wp:term":[{"taxonomy":"product_brand","embeddable":true,"href":"https:\/\/louisfugaro.com\/es\/wp-json\/wp\/v2\/product_brand?post=7983"},{"taxonomy":"product_cat","embeddable":true,"href":"https:\/\/louisfugaro.com\/es\/wp-json\/wp\/v2\/product_cat?post=7983"},{"taxonomy":"product_tag","embeddable":true,"href":"https:\/\/louisfugaro.com\/es\/wp-json\/wp\/v2\/product_tag?post=7983"}],"curies":[{"name":"wp","href":"https:\/\/api.w.org\/{rel}","templated":true}]}}