{"id":7995,"date":"2025-06-18T19:25:46","date_gmt":"2025-06-18T17:25:46","guid":{"rendered":"https:\/\/louisfugaro.com\/?post_type=product&#038;p=7995"},"modified":"2025-06-18T19:25:46","modified_gmt":"2025-06-18T17:25:46","slug":"camisa-lino-acuarela","status":"publish","type":"product","link":"https:\/\/louisfugaro.com\/es\/producto\/camisa-lino-acuarela\/","title":{"rendered":"Camisa Lino Acuarela"},"content":{"rendered":"<p data-start=\"978\" data-end=\"1174\">Fresca, ligera y naturalmente elegante, esta camisa est\u00e1 confeccionada en 100% lino y dise\u00f1ada con un corte c\u00f3modoque aporta libertad de movimiento sin perder estilo. El estampado floral en tonos azules y amarillos recuerda a los paisajes y cer\u00e1micas del Mediterr\u00e1neo, transmitiendo una vibra alegre y sofisticada ideal para los d\u00edas c\u00e1lidos o escapadas de verano.  <\/p>\n<p data-start=\"1354\" data-end=\"1369\">Caracter\u00edsticas:<\/p>\n<ul data-start=\"1370\" data-end=\"1562\">\n<li data-start=\"1370\" data-end=\"1413\">\n<p data-start=\"1372\" data-end=\"1413\">Lino 100% natural: transpirable y fresco<\/p>\n<\/li>\n<li data-start=\"1414\" data-end=\"1442\">\n<p data-start=\"1416\" data-end=\"1442\">Corte c\u00f3modo y relajado<\/p>\n<\/li>\n<li data-start=\"1443\" data-end=\"1489\">\n<p data-start=\"1445\" data-end=\"1489\">Estampado floral art\u00edstico en azul y amarillo<\/p>\n<\/li>\n<li data-start=\"1490\" data-end=\"1508\">\n<p data-start=\"1492\" data-end=\"1508\">Cuello cl\u00e1sico<\/p>\n<\/li>\n<\/ul>\n","protected":false},"excerpt":{"rendered":"<p>Fresca, ligera y naturalmente elegante, esta camisa est\u00e1 confeccionada en 100% lino y dise\u00f1ada con un corte c\u00f3modoque aporta libertad de movimiento sin perder estilo. El estampado floral en tonos azules y amarillos recuerda a los paisajes y cer\u00e1micas del Mediterr\u00e1neo, transmitiendo una vibra alegre y sofisticada ideal para los d\u00edas c\u00e1lidos o escapadas de [&hellip;]<\/p>\n","protected":false},"featured_media":7876,"template":"","meta":[],"product_brand":[],"product_cat":[181],"product_tag":[176,172],"class_list":{"0":"post-7995","1":"product","2":"type-product","3":"status-publish","4":"has-post-thumbnail","6":"product_cat-camisas","7":"product_tag-100-lino","8":"product_tag-nueva-coleccion","10":"first","11":"instock","12":"shipping-taxable","13":"purchasable","14":"product-type-variable"},"_links":{"self":[{"href":"https:\/\/louisfugaro.com\/es\/wp-json\/wp\/v2\/product\/7995","targetHints":{"allow":["GET"]}}],"collection":[{"href":"https:\/\/louisfugaro.com\/es\/wp-json\/wp\/v2\/product"}],"about":[{"href":"https:\/\/louisfugaro.com\/es\/wp-json\/wp\/v2\/types\/product"}],"wp:featuredmedia":[{"embeddable":true,"href":"https:\/\/louisfugaro.com\/es\/wp-json\/wp\/v2\/media\/7876"}],"wp:attachment":[{"href":"https:\/\/louisfugaro.com\/es\/wp-json\/wp\/v2\/media?parent=7995"}],"wp:term":[{"taxonomy":"product_brand","embeddable":true,"href":"https:\/\/louisfugaro.com\/es\/wp-json\/wp\/v2\/product_brand?post=7995"},{"taxonomy":"product_cat","embeddable":true,"href":"https:\/\/louisfugaro.com\/es\/wp-json\/wp\/v2\/product_cat?post=7995"},{"taxonomy":"product_tag","embeddable":true,"href":"https:\/\/louisfugaro.com\/es\/wp-json\/wp\/v2\/product_tag?post=7995"}],"curies":[{"name":"wp","href":"https:\/\/api.w.org\/{rel}","templated":true}]}}