{"id":8017,"date":"2024-06-19T00:04:21","date_gmt":"2024-06-18T22:04:21","guid":{"rendered":"https:\/\/louisfugaro.com\/product\/pantalon-corto-popelin-melocoton\/"},"modified":"2025-06-19T00:04:21","modified_gmt":"2025-06-18T22:04:21","slug":"pantalon-corto-popelin-melocoton","status":"publish","type":"product","link":"https:\/\/louisfugaro.com\/es\/producto\/pantalon-corto-popelin-melocoton\/","title":{"rendered":"Pantal\u00f3n corto popel\u00edn melocot\u00f3n"},"content":{"rendered":"<p>Hechos en algod\u00f3n y con un toque de stretch para mayor comodidad, estos pantalones cortos son muy transpirables y suaves al tacto. Presentan un corte bonito y c\u00f3modo y son perfectos para cualquier ocasi\u00f3n. <\/p>\n","protected":false},"excerpt":{"rendered":"<p>Hechos en algod\u00f3n y con un toque de stretch para mayor comodidad, estos pantalones cortos son muy transpirables y suaves al tacto. Presentan un corte bonito y c\u00f3modo y son perfectos para cualquier ocasi\u00f3n.<\/p>\n","protected":false},"featured_media":8016,"template":"","meta":[],"product_brand":[],"product_cat":[209],"product_tag":[172],"class_list":{"0":"post-8017","1":"product","2":"type-product","3":"status-publish","4":"has-post-thumbnail","6":"product_cat-bermudas","7":"product_tag-nueva-coleccion","9":"first","10":"instock","11":"shipping-taxable","12":"purchasable","13":"product-type-variable"},"_links":{"self":[{"href":"https:\/\/louisfugaro.com\/es\/wp-json\/wp\/v2\/product\/8017","targetHints":{"allow":["GET"]}}],"collection":[{"href":"https:\/\/louisfugaro.com\/es\/wp-json\/wp\/v2\/product"}],"about":[{"href":"https:\/\/louisfugaro.com\/es\/wp-json\/wp\/v2\/types\/product"}],"wp:featuredmedia":[{"embeddable":true,"href":"https:\/\/louisfugaro.com\/es\/wp-json\/wp\/v2\/media\/8016"}],"wp:attachment":[{"href":"https:\/\/louisfugaro.com\/es\/wp-json\/wp\/v2\/media?parent=8017"}],"wp:term":[{"taxonomy":"product_brand","embeddable":true,"href":"https:\/\/louisfugaro.com\/es\/wp-json\/wp\/v2\/product_brand?post=8017"},{"taxonomy":"product_cat","embeddable":true,"href":"https:\/\/louisfugaro.com\/es\/wp-json\/wp\/v2\/product_cat?post=8017"},{"taxonomy":"product_tag","embeddable":true,"href":"https:\/\/louisfugaro.com\/es\/wp-json\/wp\/v2\/product_tag?post=8017"}],"curies":[{"name":"wp","href":"https:\/\/api.w.org\/{rel}","templated":true}]}}