{"id":8174,"date":"2025-06-21T15:59:51","date_gmt":"2025-06-21T13:59:51","guid":{"rendered":"https:\/\/louisfugaro.com\/?post_type=product&#038;p=8174"},"modified":"2025-06-21T15:59:51","modified_gmt":"2025-06-21T13:59:51","slug":"camisa-blanca-detalle-estampado","status":"publish","type":"product","link":"https:\/\/louisfugaro.com\/es\/producto\/camisa-blanca-detalle-estampado\/","title":{"rendered":"Camisa Blanca Detalle Estampado"},"content":{"rendered":"<p data-start=\"205\" data-end=\"572\">Una camisa blanca cl\u00e1sica con un giro distintivo: detalles con estampado tipo paisley en los pu\u00f1os, la tapeta y el interior del cuello. Confeccionada en algod\u00f3n de alta calidad, esta camisa es suave, transpirable y c\u00f3moda para usar durante todo el d\u00eda. Ideal para looks informales elegantes o para ocasiones especiales con estilo.  <\/p>\n<ul data-start=\"574\" data-end=\"778\">\n<li data-start=\"574\" data-end=\"602\">\n<p data-start=\"576\" data-end=\"602\">100% algod\u00f3n de alta calidad<\/p>\n<\/li>\n<li data-start=\"603\" data-end=\"643\">\n<p data-start=\"605\" data-end=\"643\">Corte c\u00f3modo<\/p>\n<\/li>\n<li data-start=\"644\" data-end=\"688\">\n<p data-start=\"646\" data-end=\"688\">Detalles en contraste con estampado paisley<\/p>\n<\/li>\n<\/ul>\n","protected":false},"excerpt":{"rendered":"<p>Una camisa blanca cl\u00e1sica con un giro distintivo: detalles con estampado tipo paisley en los pu\u00f1os, la tapeta y el interior del cuello. Confeccionada en algod\u00f3n de alta calidad, esta camisa es suave, transpirable y c\u00f3moda para usar durante todo el d\u00eda. Ideal para looks informales elegantes o para ocasiones especiales con estilo. 100% algod\u00f3n [&hellip;]<\/p>\n","protected":false},"featured_media":8066,"template":"","meta":[],"product_brand":[],"product_cat":[181],"product_tag":[172],"class_list":{"0":"post-8174","1":"product","2":"type-product","3":"status-publish","4":"has-post-thumbnail","6":"product_cat-camisas","7":"product_tag-nueva-coleccion","9":"first","10":"instock","11":"shipping-taxable","12":"purchasable","13":"product-type-variable"},"_links":{"self":[{"href":"https:\/\/louisfugaro.com\/es\/wp-json\/wp\/v2\/product\/8174","targetHints":{"allow":["GET"]}}],"collection":[{"href":"https:\/\/louisfugaro.com\/es\/wp-json\/wp\/v2\/product"}],"about":[{"href":"https:\/\/louisfugaro.com\/es\/wp-json\/wp\/v2\/types\/product"}],"wp:featuredmedia":[{"embeddable":true,"href":"https:\/\/louisfugaro.com\/es\/wp-json\/wp\/v2\/media\/8066"}],"wp:attachment":[{"href":"https:\/\/louisfugaro.com\/es\/wp-json\/wp\/v2\/media?parent=8174"}],"wp:term":[{"taxonomy":"product_brand","embeddable":true,"href":"https:\/\/louisfugaro.com\/es\/wp-json\/wp\/v2\/product_brand?post=8174"},{"taxonomy":"product_cat","embeddable":true,"href":"https:\/\/louisfugaro.com\/es\/wp-json\/wp\/v2\/product_cat?post=8174"},{"taxonomy":"product_tag","embeddable":true,"href":"https:\/\/louisfugaro.com\/es\/wp-json\/wp\/v2\/product_tag?post=8174"}],"curies":[{"name":"wp","href":"https:\/\/api.w.org\/{rel}","templated":true}]}}