{"id":8188,"date":"2025-06-21T16:00:23","date_gmt":"2025-06-21T14:00:23","guid":{"rendered":"https:\/\/louisfugaro.com\/?post_type=product&#038;p=8188"},"modified":"2025-06-21T16:01:55","modified_gmt":"2025-06-21T14:01:55","slug":"polo-marron-rayas-mercerizado","status":"publish","type":"product","link":"https:\/\/louisfugaro.com\/es\/producto\/polo-marron-rayas-mercerizado\/","title":{"rendered":"Polo Marr\u00f3n Rayas Mercerizado"},"content":{"rendered":"<p data-start=\"235\" data-end=\"613\">Este polo combina elegancia y confort gracias a su confecci\u00f3n en algod\u00f3n doble mercerizado, que le aporta un acabado sedoso, gran resistencia y un estilo sofisticado. El dise\u00f1o de finas rayas en tonos neutros lo convierte en una prenda vers\u00e1til para cualquier ocasi\u00f3n, desde un look informal hasta uno m\u00e1s pulido. Ligero, transpirable y con un ajuste cl\u00e1sico.  <\/p>\n<ul data-start=\"615\" data-end=\"790\">\n<li data-start=\"615\" data-end=\"648\">\n<p data-start=\"617\" data-end=\"648\">100% algod\u00f3n doble mercerizado<\/p>\n<\/li>\n<li data-start=\"649\" data-end=\"681\">\n<p data-start=\"651\" data-end=\"681\">Tacto suave con ligero brillo<\/p>\n<\/li>\n<li data-start=\"682\" data-end=\"729\">\n<p data-start=\"684\" data-end=\"729\">Patr\u00f3n de rayas finas en tonos marr\u00f3n y gris<\/p>\n<\/li>\n<li data-start=\"730\" data-end=\"756\">\n<p data-start=\"732\" data-end=\"756\">Logo bordado en el pecho<\/p>\n<\/li>\n<\/ul>\n","protected":false},"excerpt":{"rendered":"<p>Este polo combina elegancia y confort gracias a su confecci\u00f3n en algod\u00f3n doble mercerizado, que le aporta un acabado sedoso, gran resistencia y un estilo sofisticado. El dise\u00f1o de finas rayas en tonos neutros lo convierte en una prenda vers\u00e1til para cualquier ocasi\u00f3n, desde un look informal hasta uno m\u00e1s pulido. Ligero, transpirable y con [&hellip;]<\/p>\n","protected":false},"featured_media":8060,"template":"","meta":[],"product_brand":[],"product_cat":[208],"product_tag":[172],"class_list":{"0":"post-8188","1":"product","2":"type-product","3":"status-publish","4":"has-post-thumbnail","6":"product_cat-polos-es","7":"product_tag-nueva-coleccion","9":"first","10":"instock","11":"shipping-taxable","12":"purchasable","13":"product-type-variable"},"_links":{"self":[{"href":"https:\/\/louisfugaro.com\/es\/wp-json\/wp\/v2\/product\/8188","targetHints":{"allow":["GET"]}}],"collection":[{"href":"https:\/\/louisfugaro.com\/es\/wp-json\/wp\/v2\/product"}],"about":[{"href":"https:\/\/louisfugaro.com\/es\/wp-json\/wp\/v2\/types\/product"}],"wp:featuredmedia":[{"embeddable":true,"href":"https:\/\/louisfugaro.com\/es\/wp-json\/wp\/v2\/media\/8060"}],"wp:attachment":[{"href":"https:\/\/louisfugaro.com\/es\/wp-json\/wp\/v2\/media?parent=8188"}],"wp:term":[{"taxonomy":"product_brand","embeddable":true,"href":"https:\/\/louisfugaro.com\/es\/wp-json\/wp\/v2\/product_brand?post=8188"},{"taxonomy":"product_cat","embeddable":true,"href":"https:\/\/louisfugaro.com\/es\/wp-json\/wp\/v2\/product_cat?post=8188"},{"taxonomy":"product_tag","embeddable":true,"href":"https:\/\/louisfugaro.com\/es\/wp-json\/wp\/v2\/product_tag?post=8188"}],"curies":[{"name":"wp","href":"https:\/\/api.w.org\/{rel}","templated":true}]}}