{"id":8368,"date":"2025-06-18T17:29:52","date_gmt":"2025-06-18T15:29:52","guid":{"rendered":"https:\/\/louisfugaro.com\/?post_type=product&#038;p=8368"},"modified":"2025-06-27T20:48:54","modified_gmt":"2025-06-27T18:48:54","slug":"polo-zip-marino-algodon-seda","status":"publish","type":"product","link":"https:\/\/louisfugaro.com\/es\/producto\/polo-zip-marino-algodon-seda\/","title":{"rendered":"Polo Zip Marino Algod\u00f3n Seda"},"content":{"rendered":"<p data-start=\"187\" data-end=\"488\">Luce un estilo elegante y moderno con este polo azul marino de algod\u00f3n y seda. Su dise\u00f1o con cremallera frontal y tejido con textura en zigzag aporta un toque sofisticado al look casual. La mezcla de algod\u00f3n y seda brinda frescura y suavidad con una sensaci\u00f3n lujosa, ideal para el verano o para usar bajo una chaqueta ligera. Con detalles en contraste en el cuello y las mangas, adem\u00e1s de acabados acanalados, este polo entallado es perfecto para pasar del d\u00eda a la noche con estilo.   <\/p>\n<ul data-start=\"629\" data-end=\"853\">\n<li data-start=\"629\" data-end=\"664\">\n<p data-start=\"631\" data-end=\"664\">Material: Mezcla de 55% algod\u00f3n y 45% seda<\/p>\n<\/li>\n<li data-start=\"665\" data-end=\"711\">\n<p data-start=\"667\" data-end=\"711\">Color: Azul marino con textura<\/p>\n<\/li>\n<li data-start=\"712\" data-end=\"740\">\n<p data-start=\"714\" data-end=\"740\">Corte: Slim \/ Moderno<\/p>\n<\/li>\n<li data-start=\"741\" data-end=\"813\">\n<p data-start=\"743\" data-end=\"813\">Detalles: Cuello con cremallera, pu\u00f1os y cintura acanalados, ribetes en contraste<\/p>\n<\/li>\n<li data-start=\"814\" data-end=\"853\">\n<p data-start=\"816\" data-end=\"853\">Cuidado: Lavado a mano o en ciclo delicado<\/p>\n<\/li>\n<\/ul>\n","protected":false},"excerpt":{"rendered":"<p>Luce un estilo elegante y moderno con este polo azul marino de algod\u00f3n y seda. Su dise\u00f1o con cremallera frontal y tejido con textura en zigzag aporta un toque sofisticado al look casual. La mezcla de algod\u00f3n y seda brinda frescura y suavidad con una sensaci\u00f3n lujosa, ideal para el verano o para usar bajo [&hellip;]<\/p>\n","protected":false},"featured_media":8057,"template":"","meta":[],"product_brand":[],"product_cat":[208],"product_tag":[172],"class_list":{"0":"post-8368","1":"product","2":"type-product","3":"status-publish","4":"has-post-thumbnail","6":"product_cat-polos-es","7":"product_tag-nueva-coleccion","9":"first","10":"instock","11":"shipping-taxable","12":"purchasable","13":"product-type-variable"},"_links":{"self":[{"href":"https:\/\/louisfugaro.com\/es\/wp-json\/wp\/v2\/product\/8368","targetHints":{"allow":["GET"]}}],"collection":[{"href":"https:\/\/louisfugaro.com\/es\/wp-json\/wp\/v2\/product"}],"about":[{"href":"https:\/\/louisfugaro.com\/es\/wp-json\/wp\/v2\/types\/product"}],"wp:featuredmedia":[{"embeddable":true,"href":"https:\/\/louisfugaro.com\/es\/wp-json\/wp\/v2\/media\/8057"}],"wp:attachment":[{"href":"https:\/\/louisfugaro.com\/es\/wp-json\/wp\/v2\/media?parent=8368"}],"wp:term":[{"taxonomy":"product_brand","embeddable":true,"href":"https:\/\/louisfugaro.com\/es\/wp-json\/wp\/v2\/product_brand?post=8368"},{"taxonomy":"product_cat","embeddable":true,"href":"https:\/\/louisfugaro.com\/es\/wp-json\/wp\/v2\/product_cat?post=8368"},{"taxonomy":"product_tag","embeddable":true,"href":"https:\/\/louisfugaro.com\/es\/wp-json\/wp\/v2\/product_tag?post=8368"}],"curies":[{"name":"wp","href":"https:\/\/api.w.org\/{rel}","templated":true}]}}