{"id":8375,"date":"2025-06-22T17:42:43","date_gmt":"2025-06-22T15:42:43","guid":{"rendered":"https:\/\/louisfugaro.com\/?post_type=product&#038;p=8375"},"modified":"2025-06-22T17:42:43","modified_gmt":"2025-06-22T15:42:43","slug":"camisa-lino-blanca-detalles","status":"publish","type":"product","link":"https:\/\/louisfugaro.com\/es\/producto\/camisa-lino-blanca-detalles\/","title":{"rendered":"Camisa Lino Blanca Detalles"},"content":{"rendered":"<p>\u00bfBuscas algo diferente para elevar tu estilo? Esta camisa de lino blanca es la combinaci\u00f3n ideal entre frescura, elegancia y un toque \u00fanico. Confeccionada en 100% lino de alta calidad, es perfecta para los d\u00edas c\u00e1lidos o cualquier ocasi\u00f3n donde quieras destacar sin esfuerzo.  <\/p>\n<p data-start=\"100\" data-end=\"113\"><strong data-start=\"100\" data-end=\"113\">Caracter\u00edsticas:<\/strong><\/p>\n<ul data-start=\"114\" data-end=\"364\">\n<li data-start=\"114\" data-end=\"165\">\n<p data-start=\"116\" data-end=\"165\">100% lino premium \u2013 ligero y transpirable<\/p>\n<\/li>\n<li data-start=\"166\" data-end=\"212\">\n<p data-start=\"168\" data-end=\"212\">Pu\u00f1os y cuello interior con estampado paisley<\/p>\n<\/li>\n<li data-start=\"213\" data-end=\"253\">\n<p data-start=\"215\" data-end=\"253\">Corte c\u00f3modo<\/p>\n<\/li>\n<li data-start=\"254\" data-end=\"279\">\n<p data-start=\"256\" data-end=\"279\">Botones de estilo natural<\/p>\n<\/li>\n<li data-start=\"280\" data-end=\"313\">\n<p data-start=\"282\" data-end=\"313\">Logo bordado discreto en el pecho<\/p>\n<\/li>\n<\/ul>\n","protected":false},"excerpt":{"rendered":"<p>\u00bfBuscas algo diferente para elevar tu estilo? Esta camisa de lino blanca es la combinaci\u00f3n ideal entre frescura, elegancia y un toque \u00fanico. Confeccionada en 100% lino de alta calidad, es perfecta para los d\u00edas c\u00e1lidos o cualquier ocasi\u00f3n donde quieras destacar sin esfuerzo. Caracter\u00edsticas: 100% lino premium \u2013 ligero y transpirable Pu\u00f1os y cuello [&hellip;]<\/p>\n","protected":false},"featured_media":8084,"template":"","meta":[],"product_brand":[],"product_cat":[181],"product_tag":[176,172],"class_list":{"0":"post-8375","1":"product","2":"type-product","3":"status-publish","4":"has-post-thumbnail","6":"product_cat-camisas","7":"product_tag-100-lino","8":"product_tag-nueva-coleccion","10":"first","11":"outofstock","12":"shipping-taxable","13":"purchasable","14":"product-type-variable"},"_links":{"self":[{"href":"https:\/\/louisfugaro.com\/es\/wp-json\/wp\/v2\/product\/8375","targetHints":{"allow":["GET"]}}],"collection":[{"href":"https:\/\/louisfugaro.com\/es\/wp-json\/wp\/v2\/product"}],"about":[{"href":"https:\/\/louisfugaro.com\/es\/wp-json\/wp\/v2\/types\/product"}],"wp:featuredmedia":[{"embeddable":true,"href":"https:\/\/louisfugaro.com\/es\/wp-json\/wp\/v2\/media\/8084"}],"wp:attachment":[{"href":"https:\/\/louisfugaro.com\/es\/wp-json\/wp\/v2\/media?parent=8375"}],"wp:term":[{"taxonomy":"product_brand","embeddable":true,"href":"https:\/\/louisfugaro.com\/es\/wp-json\/wp\/v2\/product_brand?post=8375"},{"taxonomy":"product_cat","embeddable":true,"href":"https:\/\/louisfugaro.com\/es\/wp-json\/wp\/v2\/product_cat?post=8375"},{"taxonomy":"product_tag","embeddable":true,"href":"https:\/\/louisfugaro.com\/es\/wp-json\/wp\/v2\/product_tag?post=8375"}],"curies":[{"name":"wp","href":"https:\/\/api.w.org\/{rel}","templated":true}]}}