{"id":8432,"date":"2025-06-26T12:16:19","date_gmt":"2025-06-26T10:16:19","guid":{"rendered":"https:\/\/louisfugaro.com\/?post_type=product&#038;p=8432"},"modified":"2025-06-26T12:16:19","modified_gmt":"2025-06-26T10:16:19","slug":"polo-mercerizado-verde-salvia","status":"publish","type":"product","link":"https:\/\/louisfugaro.com\/es\/producto\/polo-mercerizado-verde-salvia\/","title":{"rendered":"Polo Mercerizado Verde Salvia"},"content":{"rendered":"<p data-start=\"195\" data-end=\"445\">Refina tu estilo casual con este polo de algod\u00f3n mercerizado. Dise\u00f1ado para ofrecer comodidad y elegancia, su brillo sutil y textura suave lo convierten en una prenda b\u00e1sica y atemporal. El corte comfort proporciona libertad de movimiento con un toque sofisticado.  <\/p>\n<ul data-start=\"447\" data-end=\"733\">\n<li data-start=\"447\" data-end=\"532\">\n<p data-start=\"449\" data-end=\"532\">Tejido: Algod\u00f3n mercerizado premium \u2013 suave, transpirable y con un brillo discreto<\/p>\n<\/li>\n<li data-start=\"583\" data-end=\"657\">\n<p data-start=\"585\" data-end=\"657\">Detalles: Tapeta de botones, cuello estructurado, logo bordado en el pecho<\/p>\n<\/li>\n<li data-start=\"658\" data-end=\"683\">\n<p data-start=\"660\" data-end=\"683\">Color: Verde salvia<\/p>\n<\/li>\n<li data-start=\"684\" data-end=\"733\">\n<p data-start=\"686\" data-end=\"733\">Cuidado: F\u00e1cil de lavar \u2013 lavable a m\u00e1quina<\/p>\n<\/li>\n<\/ul>\n","protected":false},"excerpt":{"rendered":"<p>Refina tu estilo casual con este polo de algod\u00f3n mercerizado. Dise\u00f1ado para ofrecer comodidad y elegancia, su brillo sutil y textura suave lo convierten en una prenda b\u00e1sica y atemporal. El corte comfort proporciona libertad de movimiento con un toque sofisticado. Tejido: Algod\u00f3n mercerizado premium \u2013 suave, transpirable y con un brillo discreto Detalles: Tapeta [&hellip;]<\/p>\n","protected":false},"featured_media":8115,"template":"","meta":[],"product_brand":[],"product_cat":[208],"product_tag":[172],"class_list":{"0":"post-8432","1":"product","2":"type-product","3":"status-publish","4":"has-post-thumbnail","6":"product_cat-polos-es","7":"product_tag-nueva-coleccion","9":"first","10":"instock","11":"shipping-taxable","12":"purchasable","13":"product-type-variable"},"_links":{"self":[{"href":"https:\/\/louisfugaro.com\/es\/wp-json\/wp\/v2\/product\/8432","targetHints":{"allow":["GET"]}}],"collection":[{"href":"https:\/\/louisfugaro.com\/es\/wp-json\/wp\/v2\/product"}],"about":[{"href":"https:\/\/louisfugaro.com\/es\/wp-json\/wp\/v2\/types\/product"}],"wp:featuredmedia":[{"embeddable":true,"href":"https:\/\/louisfugaro.com\/es\/wp-json\/wp\/v2\/media\/8115"}],"wp:attachment":[{"href":"https:\/\/louisfugaro.com\/es\/wp-json\/wp\/v2\/media?parent=8432"}],"wp:term":[{"taxonomy":"product_brand","embeddable":true,"href":"https:\/\/louisfugaro.com\/es\/wp-json\/wp\/v2\/product_brand?post=8432"},{"taxonomy":"product_cat","embeddable":true,"href":"https:\/\/louisfugaro.com\/es\/wp-json\/wp\/v2\/product_cat?post=8432"},{"taxonomy":"product_tag","embeddable":true,"href":"https:\/\/louisfugaro.com\/es\/wp-json\/wp\/v2\/product_tag?post=8432"}],"curies":[{"name":"wp","href":"https:\/\/api.w.org\/{rel}","templated":true}]}}