{"id":8518,"date":"2025-06-25T18:34:52","date_gmt":"2025-06-25T16:34:52","guid":{"rendered":"https:\/\/louisfugaro.com\/?post_type=product&#038;p=8518"},"modified":"2025-07-01T18:34:52","modified_gmt":"2025-07-01T16:34:52","slug":"camisa-lino-rosa","status":"publish","type":"product","link":"https:\/\/louisfugaro.com\/es\/producto\/camisa-lino-rosa\/","title":{"rendered":"Camisa Lino Rosa"},"content":{"rendered":"<p data-start=\"191\" data-end=\"462\">Dale un toque vibrante a tu estilo veraniego con esta camisa de lino 100% en color rosa. Su textura natural, suavidad y transpirabilidad la hacen ideal para los d\u00edas c\u00e1lidos. El corte c\u00f3modo y los detalles sutiles en el cuello interior la convierten en una prenda vers\u00e1til para toda ocasi\u00f3n.  <\/p>\n<ul data-start=\"464\" data-end=\"761\">\n<li data-start=\"464\" data-end=\"519\">\n<p data-start=\"466\" data-end=\"519\">Tejido: 100% lino \u2013 fresco y ligero<\/p>\n<\/li>\n<li data-start=\"520\" data-end=\"556\">\n<p data-start=\"522\" data-end=\"556\">Corte: C\u00f3modo y relajado<\/p>\n<\/li>\n<li data-start=\"557\" data-end=\"608\">\n<p data-start=\"559\" data-end=\"608\">Color: Rosa s\u00f3lido con textura tejida<\/p>\n<\/li>\n<li data-start=\"609\" data-end=\"684\">\n<p data-start=\"611\" data-end=\"684\">Detalles: Cuello cl\u00e1sico con interior contrastante<\/p>\n<\/li>\n<\/ul>\n","protected":false},"excerpt":{"rendered":"<p>Dale un toque vibrante a tu estilo veraniego con esta camisa de lino 100% en color rosa. Su textura natural, suavidad y transpirabilidad la hacen ideal para los d\u00edas c\u00e1lidos. El corte c\u00f3modo y los detalles sutiles en el cuello interior la convierten en una prenda vers\u00e1til para toda ocasi\u00f3n. Tejido: 100% lino \u2013 fresco [&hellip;]<\/p>\n","protected":false},"featured_media":8064,"template":"","meta":[],"product_brand":[],"product_cat":[181],"product_tag":[176,172],"class_list":{"0":"post-8518","1":"product","2":"type-product","3":"status-publish","4":"has-post-thumbnail","6":"product_cat-camisas","7":"product_tag-100-lino","8":"product_tag-nueva-coleccion","10":"first","11":"instock","12":"shipping-taxable","13":"purchasable","14":"product-type-variable"},"_links":{"self":[{"href":"https:\/\/louisfugaro.com\/es\/wp-json\/wp\/v2\/product\/8518","targetHints":{"allow":["GET"]}}],"collection":[{"href":"https:\/\/louisfugaro.com\/es\/wp-json\/wp\/v2\/product"}],"about":[{"href":"https:\/\/louisfugaro.com\/es\/wp-json\/wp\/v2\/types\/product"}],"wp:featuredmedia":[{"embeddable":true,"href":"https:\/\/louisfugaro.com\/es\/wp-json\/wp\/v2\/media\/8064"}],"wp:attachment":[{"href":"https:\/\/louisfugaro.com\/es\/wp-json\/wp\/v2\/media?parent=8518"}],"wp:term":[{"taxonomy":"product_brand","embeddable":true,"href":"https:\/\/louisfugaro.com\/es\/wp-json\/wp\/v2\/product_brand?post=8518"},{"taxonomy":"product_cat","embeddable":true,"href":"https:\/\/louisfugaro.com\/es\/wp-json\/wp\/v2\/product_cat?post=8518"},{"taxonomy":"product_tag","embeddable":true,"href":"https:\/\/louisfugaro.com\/es\/wp-json\/wp\/v2\/product_tag?post=8518"}],"curies":[{"name":"wp","href":"https:\/\/api.w.org\/{rel}","templated":true}]}}